{"id":1553,"date":"2025-10-20T13:17:25","date_gmt":"2025-10-20T13:17:25","guid":{"rendered":"https:\/\/crimsondawnart.com\/?post_type=product&#038;p=1553"},"modified":"2026-03-19T15:17:10","modified_gmt":"2026-03-19T15:17:10","slug":"hornet-print","status":"publish","type":"product","link":"https:\/\/crimsondawnart.com\/es\/producto\/hornet-print\/","title":{"rendered":"Hornet Print"},"content":{"rendered":"<p>Printed copy of my Hornet illustration. We use slightly glossy, 300g &#8211; 350g paper. DinA4 size prints will be shipped in a cardboard envelope, with clear indications on the outside so mailing services don&#8217;t fold or bend it. For both DinA3 and DinA2 sizes, the prints will be shipped inside a sealed cardboard tube.<\/p>\n<p>El pedido puede tardar entre 7-14 d\u00edas en ser enviado. Una vez es enviado, el paquete queda fuera de nuestro control a menos que se haya elegido el env\u00edo con n\u00famero de seguimiento (certificado). Es responsabilidad del cliente presentar una reclamaci\u00f3n si el paquete no llega a su destino. Sin seguimiento, no nos es posible ofrecer repuesto o reembolso, ya que somos un negocio peque\u00f1o y la tienda es gestionada por una sola persona. Si se ha elegido un env\u00edo con seguimiento, podemos reclamar el paquete y reenviarlo sin coste adicional.<\/p>\n<p>Por favor, revisa los t\u00e9rminos y condiciones para m\u00e1s informaci\u00f3n sobre el proceso de compra y env\u00edo.<\/p>\n<p>Don\u2019t hesitate to contact me about any issue with your order! I\u2019ll try to solve it as soon as possible.<\/p>","protected":false},"excerpt":{"rendered":"<p>High quality print of my Hornet illustration.<\/p>\n<ul>\n<li>Disponible en 3 tama\u00f1os.<\/li>\n<li>Material: Ligeramente brillante, papel de 300g - 350g.<\/li>\n<li>Tardar\u00e1 entre 7-14 d\u00edas en ser enviado.<\/li>\n<\/ul>","protected":false},"featured_media":1560,"comment_status":"closed","ping_status":"closed","template":"","meta":{"site-sidebar-layout":"default","site-content-layout":"","ast-site-content-layout":"default","site-content-style":"default","site-sidebar-style":"default","ast-global-header-display":"","ast-banner-title-visibility":"","ast-main-header-display":"","ast-hfb-above-header-display":"","ast-hfb-below-header-display":"","ast-hfb-mobile-header-display":"","site-post-title":"","ast-breadcrumbs-content":"","ast-featured-img":"","footer-sml-layout":"","ast-disable-related-posts":"","theme-transparent-header-meta":"default","adv-header-id-meta":"","stick-header-meta":"","header-above-stick-meta":"","header-main-stick-meta":"","header-below-stick-meta":"","astra-migrate-meta-layouts":"set","ast-page-background-enabled":"default","ast-page-background-meta":{"desktop":{"background-color":"var(--ast-global-color-4)","background-image":"","background-repeat":"repeat","background-position":"center center","background-size":"auto","background-attachment":"scroll","background-type":"","background-media":"","overlay-type":"","overlay-color":"","overlay-opacity":"","overlay-gradient":""},"tablet":{"background-color":"","background-image":"","background-repeat":"repeat","background-position":"center center","background-size":"auto","background-attachment":"scroll","background-type":"","background-media":"","overlay-type":"","overlay-color":"","overlay-opacity":"","overlay-gradient":""},"mobile":{"background-color":"","background-image":"","background-repeat":"repeat","background-position":"center center","background-size":"auto","background-attachment":"scroll","background-type":"","background-media":"","overlay-type":"","overlay-color":"","overlay-opacity":"","overlay-gradient":""}},"ast-content-background-meta":{"desktop":{"background-color":"var(--ast-global-color-5)","background-image":"","background-repeat":"repeat","background-position":"center center","background-size":"auto","background-attachment":"scroll","background-type":"","background-media":"","overlay-type":"","overlay-color":"","overlay-opacity":"","overlay-gradient":""},"tablet":{"background-color":"var(--ast-global-color-5)","background-image":"","background-repeat":"repeat","background-position":"center center","background-size":"auto","background-attachment":"scroll","background-type":"","background-media":"","overlay-type":"","overlay-color":"","overlay-opacity":"","overlay-gradient":""},"mobile":{"background-color":"var(--ast-global-color-5)","background-image":"","background-repeat":"repeat","background-position":"center center","background-size":"auto","background-attachment":"scroll","background-type":"","background-media":"","overlay-type":"","overlay-color":"","overlay-opacity":"","overlay-gradient":""}}},"product_brand":[],"product_cat":[23],"product_tag":[],"class_list":{"0":"post-1553","1":"product","2":"type-product","3":"status-publish","4":"has-post-thumbnail","6":"product_cat-prints","7":"product_shipping_class-envio-prints-grandes","8":"desktop-align-left","9":"tablet-align-left","10":"mobile-align-left","12":"first","13":"instock","14":"shipping-taxable","15":"purchasable","16":"product-type-variable"},"yoast_head":"<!-- This site is optimized with the Yoast SEO plugin v27.5 - https:\/\/yoast.com\/product\/yoast-seo-wordpress\/ -->\n<title>Hornet Print - Crimson Dawn Art<\/title>\n<meta name=\"robots\" content=\"index, follow, max-snippet:-1, max-image-preview:large, max-video-preview:-1\" \/>\n<link rel=\"canonical\" href=\"https:\/\/crimsondawnart.com\/es\/producto\/hornet-print\/\" \/>\n<meta property=\"og:locale\" content=\"es_ES\" \/>\n<meta property=\"og:type\" content=\"article\" \/>\n<meta property=\"og:title\" content=\"Hornet Print - Crimson Dawn Art\" \/>\n<meta property=\"og:description\" content=\"High quality print of my Hornet illustration.   Available in 3 different sizes.  Material: Slightly glossy, 300g - 350g paper.  It may take between 7-14 days to be shipped.\" \/>\n<meta property=\"og:url\" content=\"https:\/\/crimsondawnart.com\/es\/producto\/hornet-print\/\" \/>\n<meta property=\"og:site_name\" content=\"Crimson Dawn Art\" \/>\n<meta property=\"article:modified_time\" content=\"2026-03-19T15:17:10+00:00\" \/>\n<meta property=\"og:image\" content=\"https:\/\/crimsondawnart.com\/wp-content\/uploads\/2025\/10\/1-1-scaled.jpg\" \/>\n\t<meta property=\"og:image:width\" content=\"2048\" \/>\n\t<meta property=\"og:image:height\" content=\"2560\" \/>\n\t<meta property=\"og:image:type\" content=\"image\/jpeg\" \/>\n<meta name=\"twitter:card\" content=\"summary_large_image\" \/>\n<meta name=\"twitter:label1\" content=\"Tiempo de lectura\" \/>\n\t<meta name=\"twitter:data1\" content=\"1 minuto\" \/>\n<script type=\"application\/ld+json\" class=\"yoast-schema-graph\">{\"@context\":\"https:\\\/\\\/schema.org\",\"@graph\":[{\"@type\":\"WebPage\",\"@id\":\"https:\\\/\\\/crimsondawnart.com\\\/producto\\\/hornet-print\\\/\",\"url\":\"https:\\\/\\\/crimsondawnart.com\\\/producto\\\/hornet-print\\\/\",\"name\":\"Hornet Print - Crimson Dawn Art\",\"isPartOf\":{\"@id\":\"https:\\\/\\\/crimsondawnart.com\\\/#website\"},\"primaryImageOfPage\":{\"@id\":\"https:\\\/\\\/crimsondawnart.com\\\/producto\\\/hornet-print\\\/#primaryimage\"},\"image\":{\"@id\":\"https:\\\/\\\/crimsondawnart.com\\\/producto\\\/hornet-print\\\/#primaryimage\"},\"thumbnailUrl\":\"https:\\\/\\\/crimsondawnart.com\\\/wp-content\\\/uploads\\\/2025\\\/10\\\/1-1-scaled.jpg\",\"datePublished\":\"2025-10-20T13:17:25+00:00\",\"dateModified\":\"2026-03-19T15:17:10+00:00\",\"breadcrumb\":{\"@id\":\"https:\\\/\\\/crimsondawnart.com\\\/producto\\\/hornet-print\\\/#breadcrumb\"},\"inLanguage\":\"es\",\"potentialAction\":[{\"@type\":\"ReadAction\",\"target\":[\"https:\\\/\\\/crimsondawnart.com\\\/producto\\\/hornet-print\\\/\"]}]},{\"@type\":\"ImageObject\",\"inLanguage\":\"es\",\"@id\":\"https:\\\/\\\/crimsondawnart.com\\\/producto\\\/hornet-print\\\/#primaryimage\",\"url\":\"https:\\\/\\\/crimsondawnart.com\\\/wp-content\\\/uploads\\\/2025\\\/10\\\/1-1-scaled.jpg\",\"contentUrl\":\"https:\\\/\\\/crimsondawnart.com\\\/wp-content\\\/uploads\\\/2025\\\/10\\\/1-1-scaled.jpg\",\"width\":2048,\"height\":2560},{\"@type\":\"BreadcrumbList\",\"@id\":\"https:\\\/\\\/crimsondawnart.com\\\/producto\\\/hornet-print\\\/#breadcrumb\",\"itemListElement\":[{\"@type\":\"ListItem\",\"position\":1,\"name\":\"Portada\",\"item\":\"https:\\\/\\\/crimsondawnart.com\\\/\"},{\"@type\":\"ListItem\",\"position\":2,\"name\":\"Tienda\",\"item\":\"https:\\\/\\\/crimsondawnart.com\\\/tienda\\\/\"},{\"@type\":\"ListItem\",\"position\":3,\"name\":\"Hornet Print\"}]},{\"@type\":\"WebSite\",\"@id\":\"https:\\\/\\\/crimsondawnart.com\\\/#website\",\"url\":\"https:\\\/\\\/crimsondawnart.com\\\/\",\"name\":\"Crimson Dawn Art\",\"description\":\"Discover the surreal and emotive world of Crimson Dawnart \u2014 illustration, character design, and visual storytelling with a unique artistic voice.\",\"potentialAction\":[{\"@type\":\"SearchAction\",\"target\":{\"@type\":\"EntryPoint\",\"urlTemplate\":\"https:\\\/\\\/crimsondawnart.com\\\/?s={search_term_string}\"},\"query-input\":{\"@type\":\"PropertyValueSpecification\",\"valueRequired\":true,\"valueName\":\"search_term_string\"}}],\"inLanguage\":\"es\"}]}<\/script>\n<!-- \/ Yoast SEO plugin. -->","yoast_head_json":{"title":"Hornet Print - Crimson Dawn Art","robots":{"index":"index","follow":"follow","max-snippet":"max-snippet:-1","max-image-preview":"max-image-preview:large","max-video-preview":"max-video-preview:-1"},"canonical":"https:\/\/crimsondawnart.com\/es\/producto\/hornet-print\/","og_locale":"es_ES","og_type":"article","og_title":"Hornet Print - Crimson Dawn Art","og_description":"High quality print of my Hornet illustration.   Available in 3 different sizes.  Material: Slightly glossy, 300g - 350g paper.  It may take between 7-14 days to be shipped.","og_url":"https:\/\/crimsondawnart.com\/es\/producto\/hornet-print\/","og_site_name":"Crimson Dawn Art","article_modified_time":"2026-03-19T15:17:10+00:00","og_image":[{"width":2048,"height":2560,"url":"https:\/\/crimsondawnart.com\/wp-content\/uploads\/2025\/10\/1-1-scaled.jpg","type":"image\/jpeg"}],"twitter_card":"summary_large_image","twitter_misc":{"Tiempo de lectura":"1 minuto"},"schema":{"@context":"https:\/\/schema.org","@graph":[{"@type":"WebPage","@id":"https:\/\/crimsondawnart.com\/producto\/hornet-print\/","url":"https:\/\/crimsondawnart.com\/producto\/hornet-print\/","name":"Hornet Print - Crimson Dawn Art","isPartOf":{"@id":"https:\/\/crimsondawnart.com\/#website"},"primaryImageOfPage":{"@id":"https:\/\/crimsondawnart.com\/producto\/hornet-print\/#primaryimage"},"image":{"@id":"https:\/\/crimsondawnart.com\/producto\/hornet-print\/#primaryimage"},"thumbnailUrl":"https:\/\/crimsondawnart.com\/wp-content\/uploads\/2025\/10\/1-1-scaled.jpg","datePublished":"2025-10-20T13:17:25+00:00","dateModified":"2026-03-19T15:17:10+00:00","breadcrumb":{"@id":"https:\/\/crimsondawnart.com\/producto\/hornet-print\/#breadcrumb"},"inLanguage":"es","potentialAction":[{"@type":"ReadAction","target":["https:\/\/crimsondawnart.com\/producto\/hornet-print\/"]}]},{"@type":"ImageObject","inLanguage":"es","@id":"https:\/\/crimsondawnart.com\/producto\/hornet-print\/#primaryimage","url":"https:\/\/crimsondawnart.com\/wp-content\/uploads\/2025\/10\/1-1-scaled.jpg","contentUrl":"https:\/\/crimsondawnart.com\/wp-content\/uploads\/2025\/10\/1-1-scaled.jpg","width":2048,"height":2560},{"@type":"BreadcrumbList","@id":"https:\/\/crimsondawnart.com\/producto\/hornet-print\/#breadcrumb","itemListElement":[{"@type":"ListItem","position":1,"name":"Portada","item":"https:\/\/crimsondawnart.com\/"},{"@type":"ListItem","position":2,"name":"Tienda","item":"https:\/\/crimsondawnart.com\/tienda\/"},{"@type":"ListItem","position":3,"name":"Hornet Print"}]},{"@type":"WebSite","@id":"https:\/\/crimsondawnart.com\/#website","url":"https:\/\/crimsondawnart.com\/","name":"Crimson Dawn Art","description":"Discover the surreal and emotive world of Crimson Dawnart \u2014 illustration, character design, and visual storytelling with a unique artistic voice.","potentialAction":[{"@type":"SearchAction","target":{"@type":"EntryPoint","urlTemplate":"https:\/\/crimsondawnart.com\/?s={search_term_string}"},"query-input":{"@type":"PropertyValueSpecification","valueRequired":true,"valueName":"search_term_string"}}],"inLanguage":"es"}]}},"_links":{"self":[{"href":"https:\/\/crimsondawnart.com\/es\/wp-json\/wp\/v2\/product\/1553","targetHints":{"allow":["GET"]}}],"collection":[{"href":"https:\/\/crimsondawnart.com\/es\/wp-json\/wp\/v2\/product"}],"about":[{"href":"https:\/\/crimsondawnart.com\/es\/wp-json\/wp\/v2\/types\/product"}],"replies":[{"embeddable":true,"href":"https:\/\/crimsondawnart.com\/es\/wp-json\/wp\/v2\/comments?post=1553"}],"wp:featuredmedia":[{"embeddable":true,"href":"https:\/\/crimsondawnart.com\/es\/wp-json\/wp\/v2\/media\/1560"}],"wp:attachment":[{"href":"https:\/\/crimsondawnart.com\/es\/wp-json\/wp\/v2\/media?parent=1553"}],"wp:term":[{"taxonomy":"product_brand","embeddable":true,"href":"https:\/\/crimsondawnart.com\/es\/wp-json\/wp\/v2\/product_brand?post=1553"},{"taxonomy":"product_cat","embeddable":true,"href":"https:\/\/crimsondawnart.com\/es\/wp-json\/wp\/v2\/product_cat?post=1553"},{"taxonomy":"product_tag","embeddable":true,"href":"https:\/\/crimsondawnart.com\/es\/wp-json\/wp\/v2\/product_tag?post=1553"}],"curies":[{"name":"wp","href":"https:\/\/api.w.org\/{rel}","templated":true}]}}