{"id":1391,"date":"2025-07-08T15:31:08","date_gmt":"2025-07-08T15:31:08","guid":{"rendered":"https:\/\/crimsondawnart.com\/?post_type=product&#038;p=1391"},"modified":"2025-11-04T12:10:23","modified_gmt":"2025-11-04T12:10:23","slug":"coiled-sword-keychain","status":"publish","type":"product","link":"https:\/\/crimsondawnart.com\/es\/producto\/coiled-sword-keychain\/","title":{"rendered":"Llavero Espada Espiral"},"content":{"rendered":"<p>Llavero hologr\u00e1fico inspirado en la saga Soulsborne. La parte acr\u00edlica tiene un tama\u00f1o de 9cm x 4,5cm aproximadamente. Est\u00e1 formado por una pieza acr\u00edlica con un enganche met\u00e1lico.<\/p>\n<p>El pedido puede tardar entre 7-14 d\u00edas en ser enviado. Una vez es enviado, el paquete queda fuera de nuestro control a menos que se haya elegido el env\u00edo con n\u00famero de seguimiento (certificado). Es responsabilidad del cliente presentar una reclamaci\u00f3n si el paquete no llega a su destino. Sin seguimiento, no nos es posible ofrecer repuesto o reembolso, ya que somos un negocio peque\u00f1o y la tienda es gestionada por una sola persona. Si se ha elegido un env\u00edo con seguimiento, podemos reclamar el paquete y reenviarlo sin coste adicional.<\/p>\n<p>Por favor, revisa los t\u00e9rminos y condiciones para m\u00e1s informaci\u00f3n sobre el proceso de compra y env\u00edo.<\/p>\n<p>No dude en contactarnos sobre cualquier problema con su pedido. Intentaremos solucionarlo lo m\u00e1s r\u00e1pido posible.<\/p>","protected":false},"excerpt":{"rendered":"<p>Llavero hologr\u00e1fico inspirado en la saga Soulsborne<\/p>\n<ul>\n<li>Tama\u00f1o: parte acr\u00edlica 9cm x 4,5cm aproximadamente.<\/li>\n<li>Materiales: Acr\u00edlico, metal.<\/li>\n<li>Tardar\u00e1 entre 7-14 d\u00edas en ser enviado.<\/li>\n<\/ul>","protected":false},"featured_media":1392,"comment_status":"open","ping_status":"closed","template":"","meta":{"site-sidebar-layout":"default","site-content-layout":"","ast-site-content-layout":"default","site-content-style":"default","site-sidebar-style":"default","ast-global-header-display":"","ast-banner-title-visibility":"","ast-main-header-display":"","ast-hfb-above-header-display":"","ast-hfb-below-header-display":"","ast-hfb-mobile-header-display":"","site-post-title":"","ast-breadcrumbs-content":"","ast-featured-img":"","footer-sml-layout":"","ast-disable-related-posts":"","theme-transparent-header-meta":"default","adv-header-id-meta":"","stick-header-meta":"","header-above-stick-meta":"","header-main-stick-meta":"","header-below-stick-meta":"","astra-migrate-meta-layouts":"set","ast-page-background-enabled":"default","ast-page-background-meta":{"desktop":{"background-color":"var(--ast-global-color-4)","background-image":"","background-repeat":"repeat","background-position":"center center","background-size":"auto","background-attachment":"scroll","background-type":"","background-media":"","overlay-type":"","overlay-color":"","overlay-opacity":"","overlay-gradient":""},"tablet":{"background-color":"","background-image":"","background-repeat":"repeat","background-position":"center center","background-size":"auto","background-attachment":"scroll","background-type":"","background-media":"","overlay-type":"","overlay-color":"","overlay-opacity":"","overlay-gradient":""},"mobile":{"background-color":"","background-image":"","background-repeat":"repeat","background-position":"center center","background-size":"auto","background-attachment":"scroll","background-type":"","background-media":"","overlay-type":"","overlay-color":"","overlay-opacity":"","overlay-gradient":""}},"ast-content-background-meta":{"desktop":{"background-color":"var(--ast-global-color-5)","background-image":"","background-repeat":"repeat","background-position":"center center","background-size":"auto","background-attachment":"scroll","background-type":"","background-media":"","overlay-type":"","overlay-color":"","overlay-opacity":"","overlay-gradient":""},"tablet":{"background-color":"var(--ast-global-color-5)","background-image":"","background-repeat":"repeat","background-position":"center center","background-size":"auto","background-attachment":"scroll","background-type":"","background-media":"","overlay-type":"","overlay-color":"","overlay-opacity":"","overlay-gradient":""},"mobile":{"background-color":"var(--ast-global-color-5)","background-image":"","background-repeat":"repeat","background-position":"center center","background-size":"auto","background-attachment":"scroll","background-type":"","background-media":"","overlay-type":"","overlay-color":"","overlay-opacity":"","overlay-gradient":""}}},"product_brand":[],"product_cat":[22],"product_tag":[],"class_list":{"0":"post-1391","1":"product","2":"type-product","3":"status-publish","4":"has-post-thumbnail","6":"product_cat-keychains","7":"desktop-align-left","8":"tablet-align-left","9":"mobile-align-left","11":"first","12":"instock","13":"shipping-taxable","14":"purchasable","15":"product-type-simple"},"yoast_head":"<!-- This site is optimized with the Yoast SEO plugin v27.4 - https:\/\/yoast.com\/product\/yoast-seo-wordpress\/ -->\n<title>Coiled Sword Keychain - Crimson Dawn Art<\/title>\n<meta name=\"robots\" content=\"index, follow, max-snippet:-1, max-image-preview:large, max-video-preview:-1\" \/>\n<link rel=\"canonical\" href=\"https:\/\/crimsondawnart.com\/es\/producto\/coiled-sword-keychain\/\" \/>\n<meta property=\"og:locale\" content=\"es_ES\" \/>\n<meta property=\"og:type\" content=\"article\" \/>\n<meta property=\"og:title\" content=\"Coiled Sword Keychain - Crimson Dawn Art\" \/>\n<meta property=\"og:description\" content=\"Holographic keychain inspired by Soulsborne saga.   Size: acrylic part is 9cm x 4,5cm approximately.  Material: Acrylic, metal.  It may take between 7-14 days to be shipped.\" \/>\n<meta property=\"og:url\" content=\"https:\/\/crimsondawnart.com\/es\/producto\/coiled-sword-keychain\/\" \/>\n<meta property=\"og:site_name\" content=\"Crimson Dawn Art\" \/>\n<meta property=\"article:modified_time\" content=\"2025-11-04T12:10:23+00:00\" \/>\n<meta property=\"og:image\" content=\"https:\/\/crimsondawnart.com\/wp-content\/uploads\/2025\/07\/IMG_4111-scaled.jpg\" \/>\n\t<meta property=\"og:image:width\" content=\"2048\" \/>\n\t<meta property=\"og:image:height\" content=\"2560\" \/>\n\t<meta property=\"og:image:type\" content=\"image\/jpeg\" \/>\n<meta name=\"twitter:card\" content=\"summary_large_image\" \/>\n<meta name=\"twitter:label1\" content=\"Tiempo de lectura\" \/>\n\t<meta name=\"twitter:data1\" content=\"1 minuto\" \/>\n<script type=\"application\/ld+json\" class=\"yoast-schema-graph\">{\"@context\":\"https:\\\/\\\/schema.org\",\"@graph\":[{\"@type\":\"WebPage\",\"@id\":\"https:\\\/\\\/crimsondawnart.com\\\/producto\\\/coiled-sword-keychain\\\/\",\"url\":\"https:\\\/\\\/crimsondawnart.com\\\/producto\\\/coiled-sword-keychain\\\/\",\"name\":\"Coiled Sword Keychain - Crimson Dawn Art\",\"isPartOf\":{\"@id\":\"https:\\\/\\\/crimsondawnart.com\\\/#website\"},\"primaryImageOfPage\":{\"@id\":\"https:\\\/\\\/crimsondawnart.com\\\/producto\\\/coiled-sword-keychain\\\/#primaryimage\"},\"image\":{\"@id\":\"https:\\\/\\\/crimsondawnart.com\\\/producto\\\/coiled-sword-keychain\\\/#primaryimage\"},\"thumbnailUrl\":\"https:\\\/\\\/crimsondawnart.com\\\/wp-content\\\/uploads\\\/2025\\\/07\\\/IMG_4111-scaled.jpg\",\"datePublished\":\"2025-07-08T15:31:08+00:00\",\"dateModified\":\"2025-11-04T12:10:23+00:00\",\"breadcrumb\":{\"@id\":\"https:\\\/\\\/crimsondawnart.com\\\/producto\\\/coiled-sword-keychain\\\/#breadcrumb\"},\"inLanguage\":\"es\",\"potentialAction\":[{\"@type\":\"ReadAction\",\"target\":[\"https:\\\/\\\/crimsondawnart.com\\\/producto\\\/coiled-sword-keychain\\\/\"]}]},{\"@type\":\"ImageObject\",\"inLanguage\":\"es\",\"@id\":\"https:\\\/\\\/crimsondawnart.com\\\/producto\\\/coiled-sword-keychain\\\/#primaryimage\",\"url\":\"https:\\\/\\\/crimsondawnart.com\\\/wp-content\\\/uploads\\\/2025\\\/07\\\/IMG_4111-scaled.jpg\",\"contentUrl\":\"https:\\\/\\\/crimsondawnart.com\\\/wp-content\\\/uploads\\\/2025\\\/07\\\/IMG_4111-scaled.jpg\",\"width\":2048,\"height\":2560},{\"@type\":\"BreadcrumbList\",\"@id\":\"https:\\\/\\\/crimsondawnart.com\\\/producto\\\/coiled-sword-keychain\\\/#breadcrumb\",\"itemListElement\":[{\"@type\":\"ListItem\",\"position\":1,\"name\":\"Portada\",\"item\":\"https:\\\/\\\/crimsondawnart.com\\\/\"},{\"@type\":\"ListItem\",\"position\":2,\"name\":\"Tienda\",\"item\":\"https:\\\/\\\/crimsondawnart.com\\\/tienda\\\/\"},{\"@type\":\"ListItem\",\"position\":3,\"name\":\"Coiled Sword Keychain\"}]},{\"@type\":\"WebSite\",\"@id\":\"https:\\\/\\\/crimsondawnart.com\\\/#website\",\"url\":\"https:\\\/\\\/crimsondawnart.com\\\/\",\"name\":\"Crimson Dawn Art\",\"description\":\"Discover the surreal and emotive world of Crimson Dawnart \u2014 illustration, character design, and visual storytelling with a unique artistic voice.\",\"potentialAction\":[{\"@type\":\"SearchAction\",\"target\":{\"@type\":\"EntryPoint\",\"urlTemplate\":\"https:\\\/\\\/crimsondawnart.com\\\/?s={search_term_string}\"},\"query-input\":{\"@type\":\"PropertyValueSpecification\",\"valueRequired\":true,\"valueName\":\"search_term_string\"}}],\"inLanguage\":\"es\"}]}<\/script>\n<!-- \/ Yoast SEO plugin. -->","yoast_head_json":{"title":"Coiled Sword Keychain - Crimson Dawn Art","robots":{"index":"index","follow":"follow","max-snippet":"max-snippet:-1","max-image-preview":"max-image-preview:large","max-video-preview":"max-video-preview:-1"},"canonical":"https:\/\/crimsondawnart.com\/es\/producto\/coiled-sword-keychain\/","og_locale":"es_ES","og_type":"article","og_title":"Coiled Sword Keychain - Crimson Dawn Art","og_description":"Holographic keychain inspired by Soulsborne saga.   Size: acrylic part is 9cm x 4,5cm approximately.  Material: Acrylic, metal.  It may take between 7-14 days to be shipped.","og_url":"https:\/\/crimsondawnart.com\/es\/producto\/coiled-sword-keychain\/","og_site_name":"Crimson Dawn Art","article_modified_time":"2025-11-04T12:10:23+00:00","og_image":[{"width":2048,"height":2560,"url":"https:\/\/crimsondawnart.com\/wp-content\/uploads\/2025\/07\/IMG_4111-scaled.jpg","type":"image\/jpeg"}],"twitter_card":"summary_large_image","twitter_misc":{"Tiempo de lectura":"1 minuto"},"schema":{"@context":"https:\/\/schema.org","@graph":[{"@type":"WebPage","@id":"https:\/\/crimsondawnart.com\/producto\/coiled-sword-keychain\/","url":"https:\/\/crimsondawnart.com\/producto\/coiled-sword-keychain\/","name":"Coiled Sword Keychain - Crimson Dawn Art","isPartOf":{"@id":"https:\/\/crimsondawnart.com\/#website"},"primaryImageOfPage":{"@id":"https:\/\/crimsondawnart.com\/producto\/coiled-sword-keychain\/#primaryimage"},"image":{"@id":"https:\/\/crimsondawnart.com\/producto\/coiled-sword-keychain\/#primaryimage"},"thumbnailUrl":"https:\/\/crimsondawnart.com\/wp-content\/uploads\/2025\/07\/IMG_4111-scaled.jpg","datePublished":"2025-07-08T15:31:08+00:00","dateModified":"2025-11-04T12:10:23+00:00","breadcrumb":{"@id":"https:\/\/crimsondawnart.com\/producto\/coiled-sword-keychain\/#breadcrumb"},"inLanguage":"es","potentialAction":[{"@type":"ReadAction","target":["https:\/\/crimsondawnart.com\/producto\/coiled-sword-keychain\/"]}]},{"@type":"ImageObject","inLanguage":"es","@id":"https:\/\/crimsondawnart.com\/producto\/coiled-sword-keychain\/#primaryimage","url":"https:\/\/crimsondawnart.com\/wp-content\/uploads\/2025\/07\/IMG_4111-scaled.jpg","contentUrl":"https:\/\/crimsondawnart.com\/wp-content\/uploads\/2025\/07\/IMG_4111-scaled.jpg","width":2048,"height":2560},{"@type":"BreadcrumbList","@id":"https:\/\/crimsondawnart.com\/producto\/coiled-sword-keychain\/#breadcrumb","itemListElement":[{"@type":"ListItem","position":1,"name":"Portada","item":"https:\/\/crimsondawnart.com\/"},{"@type":"ListItem","position":2,"name":"Tienda","item":"https:\/\/crimsondawnart.com\/tienda\/"},{"@type":"ListItem","position":3,"name":"Coiled Sword Keychain"}]},{"@type":"WebSite","@id":"https:\/\/crimsondawnart.com\/#website","url":"https:\/\/crimsondawnart.com\/","name":"Crimson Dawn Art","description":"Discover the surreal and emotive world of Crimson Dawnart \u2014 illustration, character design, and visual storytelling with a unique artistic voice.","potentialAction":[{"@type":"SearchAction","target":{"@type":"EntryPoint","urlTemplate":"https:\/\/crimsondawnart.com\/?s={search_term_string}"},"query-input":{"@type":"PropertyValueSpecification","valueRequired":true,"valueName":"search_term_string"}}],"inLanguage":"es"}]}},"_links":{"self":[{"href":"https:\/\/crimsondawnart.com\/es\/wp-json\/wp\/v2\/product\/1391","targetHints":{"allow":["GET"]}}],"collection":[{"href":"https:\/\/crimsondawnart.com\/es\/wp-json\/wp\/v2\/product"}],"about":[{"href":"https:\/\/crimsondawnart.com\/es\/wp-json\/wp\/v2\/types\/product"}],"replies":[{"embeddable":true,"href":"https:\/\/crimsondawnart.com\/es\/wp-json\/wp\/v2\/comments?post=1391"}],"wp:featuredmedia":[{"embeddable":true,"href":"https:\/\/crimsondawnart.com\/es\/wp-json\/wp\/v2\/media\/1392"}],"wp:attachment":[{"href":"https:\/\/crimsondawnart.com\/es\/wp-json\/wp\/v2\/media?parent=1391"}],"wp:term":[{"taxonomy":"product_brand","embeddable":true,"href":"https:\/\/crimsondawnart.com\/es\/wp-json\/wp\/v2\/product_brand?post=1391"},{"taxonomy":"product_cat","embeddable":true,"href":"https:\/\/crimsondawnart.com\/es\/wp-json\/wp\/v2\/product_cat?post=1391"},{"taxonomy":"product_tag","embeddable":true,"href":"https:\/\/crimsondawnart.com\/es\/wp-json\/wp\/v2\/product_tag?post=1391"}],"curies":[{"name":"wp","href":"https:\/\/api.w.org\/{rel}","templated":true}]}}