{"id":3,"date":"2024-08-28T12:05:53","date_gmt":"2024-08-28T12:05:53","guid":{"rendered":"https:\/\/revolutionsoft.shop\/?page_id=3"},"modified":"2025-09-26T13:29:45","modified_gmt":"2025-09-26T13:29:45","slug":"privacy-policy","status":"publish","type":"page","link":"https:\/\/crimsondawnart.com\/es\/privacy-policy\/","title":{"rendered":"Privacy policy"},"content":{"rendered":"<div data-elementor-type=\"wp-page\" data-elementor-id=\"3\" class=\"elementor elementor-3\" data-elementor-post-type=\"page\">\n\t\t\t\t<div data-particle_enable=\"false\" data-particle-mobile-disabled=\"false\" class=\"elementor-element elementor-element-d1dda1b e-flex e-con-boxed e-con e-parent\" data-id=\"d1dda1b\" data-element_type=\"container\" data-e-type=\"container\" data-settings=\"{&quot;background_background&quot;:&quot;classic&quot;}\">\n\t\t\t\t\t<div class=\"e-con-inner\">\n\t\t\t\t<div class=\"elementor-element elementor-element-424ea12 elementor-widget elementor-widget-heading\" data-id=\"424ea12\" data-element_type=\"widget\" data-e-type=\"widget\" data-widget_type=\"heading.default\">\n\t\t\t\t<div class=\"elementor-widget-container\">\n\t\t\t\t\t<h2 class=\"elementor-heading-title elementor-size-default\">Pol\u00edtica de Privacidad<\/h2>\t\t\t\t<\/div>\n\t\t\t\t<\/div>\n\t\t\t\t<div class=\"elementor-element elementor-element-72754ba9 elementor-widget elementor-widget-text-editor\" data-id=\"72754ba9\" data-element_type=\"widget\" data-e-type=\"widget\" data-widget_type=\"text-editor.default\">\n\t\t\t\t<div class=\"elementor-widget-container\">\n\t\t\t\t\t\t\t\t\t<p>Esta pol\u00edtica de privacidad explica c\u00f3mo usamos la informaci\u00f3n personal que recopilamos a trav\u00e9s de nuestro sitio web y otros canales digitales, en cumplimiento con el Reglamento General de Protecci\u00f3n de Datos (RGPD) (UE 2016\/679) y la Ley Org\u00e1nica 3\/2018, de Protecci\u00f3n de Datos Personales y garant\u00eda de los derechos digitales (LOPDGDD).<\/p><hr class=\"\" data-start=\"717\" data-end=\"720\" \/><h3>1. Responsable del Tratamiento de Datos<\/h3><p><strong>Raz\u00f3n social<\/strong>: Alba de los \u00c1ngeles Izquierdo \u00c1lvarez<\/p><p><strong>DNI<\/strong>: 51153914M<\/p><p><strong>Domicilio fiscal y social<\/strong>: 38350, Tacoronte<\/p><p><strong>Email<\/strong>: crimsondawnart@gmail.com<\/p><p><strong>P\u00e1gina web<\/strong>: <a href=\"https:\/\/crimsondawnart.com\/es\/\">https:\/\/crimsondawnart.com\/<\/a><\/p><hr class=\"\" data-start=\"1060\" data-end=\"1063\" \/><h3>2. Qu\u00e9 informaci\u00f3n recopilamos<\/h3><p>La informaci\u00f3n personal que puede ser recopilada en la p\u00e1gina web <a href=\"https:\/\/crimsondawnart.com\/es\/\">https:\/\/crimsondawnart.com\/<\/a> es la siguiente:<\/p><ul><li>Datos identificativos: Nombre, apellidos, email, direcci\u00f3n, n\u00famero de tel\u00e9fono.<\/li><li>Informaci\u00f3n de b\u00fasqueda: direcci\u00f3n IP, tipo de navegador, idioma, p\u00e1ginas vistas y tiempo de navegaci\u00f3n.<\/li><li>Otros datos proporcionados mediante formularios.<\/li><\/ul><hr class=\"\" data-start=\"1532\" data-end=\"1535\" \/><h3>3. Finalidad del Tratamiento de Datos<\/h3><p>Recopilamos esta informaci\u00f3n para ofrecer mejores servicios y, en particular, por las siguientes razones:<\/p><ul><li>Gesti\u00f3n de consultas: Para responder a preguntas, solicitudes o proporcionar informaci\u00f3n.<\/li><li>Comunicaciones comerciales: Con su consentimiento expreso, podemos enviarle informaci\u00f3n promocional sobre productos, servicios o eventos que creemos que pueden interesarle.<\/li><li>Gesti\u00f3n de las subscripciones.<\/li><li>An\u00e1lisis estad\u00edstico y mejora de la p\u00e1gina web: Recopilaci\u00f3n de datos para analizarlos y mejorar la experiencia del usuario.<\/li><\/ul><hr class=\"\" data-start=\"2167\" data-end=\"2170\" \/><h3>4. Legitimaci\u00f3n para el Tratamiento de los Datos<\/h3><p>La base legal para el tratamiento de sus datos es:<\/p><ul><li>El consentimiento del titular de los datos: Aceptando esta pol\u00edtica de privacidad y rellenando los formularios.<\/li><li>La ejecuci\u00f3n de un acuerdo o contrato: En las ocasiones que los datos son necesarios para ofrecer un servicio concreto.<\/li><li>Inter\u00e9s leg\u00edtimo: Con el objetivo de hacer an\u00e1lisis y mejorar el servicio del sitio web.<\/li><\/ul><hr class=\"\" data-start=\"2618\" data-end=\"2621\" \/><h3>5. Retenci\u00f3n de Datos<\/h3><p>Sus datos personales se conservar\u00e1n mientras exista una relaci\u00f3n comercial o mientras no se solicite su supresi\u00f3n por el interesado, siempre en cumplimiento de los plazos establecidos por la normativa vigente.<\/p><p>Despu\u00e9s de este per\u00edodo, la informaci\u00f3n ser\u00e1 retenida el tiempo necesario para cumplir con las obligaciones legales y ser\u00e1 debidamente eliminada.<\/p><hr class=\"\" data-start=\"3007\" data-end=\"3010\" \/><h3>6. Destinatarios de los datos<\/h3><p>La informaci\u00f3n recopilada no ser\u00e1 transferida a ninguna otra entidad excepto en caso de estar obligado legalmente o en el caso de ser necesario para proveer el servicio.<\/p><p>En algunos casos, los datos ser\u00e1n transferidos a proveedores de servicios con los que se ha acordado el correspondiente contrato de proceso de datos, asegurando el cumplimiento con respecto a GDPR.<\/p><hr class=\"\" data-start=\"3377\" data-end=\"3380\" \/><h3>7. Derechos de los Usuarios<\/h3><p>Como titular de los datos personales, usted tiene derecho a:<\/p><ul><li>Acceder a sus datos personales.<\/li><li>Rectificar cualquier dato incorrecto o incompleto.<\/li><li>Solicitar la supresi\u00f3n de sus datos cuando ya no sean necesarios para los fines para los que fueron recogidos.<\/li><li>Oponerse al tratamiento de sus datos con fines comerciales.<\/li><li>Limitar el tratamiento de sus datos bajo ciertas circunstancias.<\/li><li>Procesar los datos de forma estructurada y con un formato claro.<\/li><\/ul><p>Estos derechos pueden ejercerse enviando una solicitud a la direcci\u00f3n email <a href=\"mailto:crimsondawnart@gmail.com\">crimsondawnart@gmail.com<\/a>, adjuntando una copia del DNI\/NIF u otro documento que demuestre la identidad del solicitante.<\/p><hr class=\"\" data-start=\"4216\" data-end=\"4219\" \/><h3>8. Medidas de Seguridad<\/h3><p>El due\u00f1o se compromete a garantizar que su informaci\u00f3n est\u00e9 segura. Para evitar el acceso no autorizado o la divulgaci\u00f3n de sus datos personales, hemos implantado medidas de seguridad f\u00edsicas, electr\u00f3nicas y administrativas adecuadas.<\/p><hr class=\"\" data-start=\"4482\" data-end=\"4485\" \/><h3>9. Quejas ante la Autoridad Supervisora<\/h3><p>Si el usuario cree que sus derechos han sido violados, este puede enviar una queja a la Agencia Espa\u00f1ola de Protecci\u00f3n de Datos (AEPD) a trav\u00e9s de la web: <a href=\"http:\/\/www.aepd.es\">www.aepd.es<\/a>.<\/p>\t\t\t\t\t\t\t\t<\/div>\n\t\t\t\t<\/div>\n\t\t\t\t\t<\/div>\n\t\t\t\t<\/div>\n\t\t\t\t<\/div>","protected":false},"excerpt":{"rendered":"<p>Privacy Policy In compliance with Regulation (EU) 2016\/679 of the European Parliament and of the Council of 27 April 2016 on the protection of natural persons with regard to the processing of personal data and on the free movement of such data (GDPR), and with Organic Law 3\/2018 of 5 December on the Protection of [&hellip;]<\/p>\n","protected":false},"author":1,"featured_media":0,"parent":0,"menu_order":0,"comment_status":"closed","ping_status":"closed","template":"elementor_header_footer","meta":{"site-sidebar-layout":"default","site-content-layout":"","ast-site-content-layout":"default","site-content-style":"default","site-sidebar-style":"default","ast-global-header-display":"","ast-banner-title-visibility":"","ast-main-header-display":"","ast-hfb-above-header-display":"","ast-hfb-below-header-display":"","ast-hfb-mobile-header-display":"","site-post-title":"","ast-breadcrumbs-content":"","ast-featured-img":"","footer-sml-layout":"","ast-disable-related-posts":"","theme-transparent-header-meta":"default","adv-header-id-meta":"","stick-header-meta":"","header-above-stick-meta":"","header-main-stick-meta":"","header-below-stick-meta":"","astra-migrate-meta-layouts":"set","ast-page-background-enabled":"default","ast-page-background-meta":{"desktop":{"background-color":"var(--ast-global-color-4)","background-image":"","background-repeat":"repeat","background-position":"center center","background-size":"auto","background-attachment":"scroll","background-type":"","background-media":"","overlay-type":"","overlay-color":"","overlay-opacity":"","overlay-gradient":""},"tablet":{"background-color":"","background-image":"","background-repeat":"repeat","background-position":"center center","background-size":"auto","background-attachment":"scroll","background-type":"","background-media":"","overlay-type":"","overlay-color":"","overlay-opacity":"","overlay-gradient":""},"mobile":{"background-color":"","background-image":"","background-repeat":"repeat","background-position":"center center","background-size":"auto","background-attachment":"scroll","background-type":"","background-media":"","overlay-type":"","overlay-color":"","overlay-opacity":"","overlay-gradient":""}},"ast-content-background-meta":{"desktop":{"background-color":"var(--ast-global-color-5)","background-image":"","background-repeat":"repeat","background-position":"center center","background-size":"auto","background-attachment":"scroll","background-type":"","background-media":"","overlay-type":"","overlay-color":"","overlay-opacity":"","overlay-gradient":""},"tablet":{"background-color":"var(--ast-global-color-5)","background-image":"","background-repeat":"repeat","background-position":"center center","background-size":"auto","background-attachment":"scroll","background-type":"","background-media":"","overlay-type":"","overlay-color":"","overlay-opacity":"","overlay-gradient":""},"mobile":{"background-color":"var(--ast-global-color-5)","background-image":"","background-repeat":"repeat","background-position":"center center","background-size":"auto","background-attachment":"scroll","background-type":"","background-media":"","overlay-type":"","overlay-color":"","overlay-opacity":"","overlay-gradient":""}},"footnotes":""},"class_list":["post-3","page","type-page","status-publish","hentry"],"yoast_head":"<!-- This site is optimized with the Yoast SEO plugin v27.5 - https:\/\/yoast.com\/product\/yoast-seo-wordpress\/ -->\n<title>Privacy policy - Crimson Dawn Art<\/title>\n<meta name=\"robots\" content=\"noindex, follow\" \/>\n<meta property=\"og:locale\" content=\"es_ES\" \/>\n<meta property=\"og:type\" content=\"article\" \/>\n<meta property=\"og:title\" content=\"Privacy policy - Crimson Dawn Art\" \/>\n<meta property=\"og:description\" content=\"Privacy Policy In compliance with Regulation (EU) 2016\/679 of the European Parliament and of the Council of 27 April 2016 on the protection of natural persons with regard to the processing of personal data and on the free movement of such data (GDPR), and with Organic Law 3\/2018 of 5 December on the Protection of [&hellip;]\" \/>\n<meta property=\"og:url\" content=\"https:\/\/crimsondawnart.com\/es\/privacy-policy\/\" \/>\n<meta property=\"og:site_name\" content=\"Crimson Dawn Art\" \/>\n<meta property=\"article:modified_time\" content=\"2025-09-26T13:29:45+00:00\" \/>\n<meta name=\"twitter:card\" content=\"summary_large_image\" \/>\n<meta name=\"twitter:label1\" content=\"Tiempo de lectura\" \/>\n\t<meta name=\"twitter:data1\" content=\"3 minutos\" \/>\n<script type=\"application\/ld+json\" class=\"yoast-schema-graph\">{\"@context\":\"https:\\\/\\\/schema.org\",\"@graph\":[{\"@type\":\"WebPage\",\"@id\":\"https:\\\/\\\/crimsondawnart.com\\\/privacy-policy\\\/\",\"url\":\"https:\\\/\\\/crimsondawnart.com\\\/privacy-policy\\\/\",\"name\":\"Privacy policy - Crimson Dawn Art\",\"isPartOf\":{\"@id\":\"https:\\\/\\\/crimsondawnart.com\\\/#website\"},\"datePublished\":\"2024-08-28T12:05:53+00:00\",\"dateModified\":\"2025-09-26T13:29:45+00:00\",\"breadcrumb\":{\"@id\":\"https:\\\/\\\/crimsondawnart.com\\\/privacy-policy\\\/#breadcrumb\"},\"inLanguage\":\"es\",\"potentialAction\":[{\"@type\":\"ReadAction\",\"target\":[\"https:\\\/\\\/crimsondawnart.com\\\/privacy-policy\\\/\"]}]},{\"@type\":\"BreadcrumbList\",\"@id\":\"https:\\\/\\\/crimsondawnart.com\\\/privacy-policy\\\/#breadcrumb\",\"itemListElement\":[{\"@type\":\"ListItem\",\"position\":1,\"name\":\"Portada\",\"item\":\"https:\\\/\\\/crimsondawnart.com\\\/\"},{\"@type\":\"ListItem\",\"position\":2,\"name\":\"Privacy policy\"}]},{\"@type\":\"WebSite\",\"@id\":\"https:\\\/\\\/crimsondawnart.com\\\/#website\",\"url\":\"https:\\\/\\\/crimsondawnart.com\\\/\",\"name\":\"Crimson Dawn Art\",\"description\":\"Discover the surreal and emotive world of Crimson Dawnart \u2014 illustration, character design, and visual storytelling with a unique artistic voice.\",\"potentialAction\":[{\"@type\":\"SearchAction\",\"target\":{\"@type\":\"EntryPoint\",\"urlTemplate\":\"https:\\\/\\\/crimsondawnart.com\\\/?s={search_term_string}\"},\"query-input\":{\"@type\":\"PropertyValueSpecification\",\"valueRequired\":true,\"valueName\":\"search_term_string\"}}],\"inLanguage\":\"es\"}]}<\/script>\n<!-- \/ Yoast SEO plugin. -->","yoast_head_json":{"title":"Privacy policy - Crimson Dawn Art","robots":{"index":"noindex","follow":"follow"},"og_locale":"es_ES","og_type":"article","og_title":"Privacy policy - Crimson Dawn Art","og_description":"Privacy Policy In compliance with Regulation (EU) 2016\/679 of the European Parliament and of the Council of 27 April 2016 on the protection of natural persons with regard to the processing of personal data and on the free movement of such data (GDPR), and with Organic Law 3\/2018 of 5 December on the Protection of [&hellip;]","og_url":"https:\/\/crimsondawnart.com\/es\/privacy-policy\/","og_site_name":"Crimson Dawn Art","article_modified_time":"2025-09-26T13:29:45+00:00","twitter_card":"summary_large_image","twitter_misc":{"Tiempo de lectura":"3 minutos"},"schema":{"@context":"https:\/\/schema.org","@graph":[{"@type":"WebPage","@id":"https:\/\/crimsondawnart.com\/privacy-policy\/","url":"https:\/\/crimsondawnart.com\/privacy-policy\/","name":"Privacy policy - Crimson Dawn Art","isPartOf":{"@id":"https:\/\/crimsondawnart.com\/#website"},"datePublished":"2024-08-28T12:05:53+00:00","dateModified":"2025-09-26T13:29:45+00:00","breadcrumb":{"@id":"https:\/\/crimsondawnart.com\/privacy-policy\/#breadcrumb"},"inLanguage":"es","potentialAction":[{"@type":"ReadAction","target":["https:\/\/crimsondawnart.com\/privacy-policy\/"]}]},{"@type":"BreadcrumbList","@id":"https:\/\/crimsondawnart.com\/privacy-policy\/#breadcrumb","itemListElement":[{"@type":"ListItem","position":1,"name":"Portada","item":"https:\/\/crimsondawnart.com\/"},{"@type":"ListItem","position":2,"name":"Privacy policy"}]},{"@type":"WebSite","@id":"https:\/\/crimsondawnart.com\/#website","url":"https:\/\/crimsondawnart.com\/","name":"Crimson Dawn Art","description":"Discover the surreal and emotive world of Crimson Dawnart \u2014 illustration, character design, and visual storytelling with a unique artistic voice.","potentialAction":[{"@type":"SearchAction","target":{"@type":"EntryPoint","urlTemplate":"https:\/\/crimsondawnart.com\/?s={search_term_string}"},"query-input":{"@type":"PropertyValueSpecification","valueRequired":true,"valueName":"search_term_string"}}],"inLanguage":"es"}]}},"_links":{"self":[{"href":"https:\/\/crimsondawnart.com\/es\/wp-json\/wp\/v2\/pages\/3","targetHints":{"allow":["GET"]}}],"collection":[{"href":"https:\/\/crimsondawnart.com\/es\/wp-json\/wp\/v2\/pages"}],"about":[{"href":"https:\/\/crimsondawnart.com\/es\/wp-json\/wp\/v2\/types\/page"}],"author":[{"embeddable":true,"href":"https:\/\/crimsondawnart.com\/es\/wp-json\/wp\/v2\/users\/1"}],"replies":[{"embeddable":true,"href":"https:\/\/crimsondawnart.com\/es\/wp-json\/wp\/v2\/comments?post=3"}],"version-history":[{"count":19,"href":"https:\/\/crimsondawnart.com\/es\/wp-json\/wp\/v2\/pages\/3\/revisions"}],"predecessor-version":[{"id":1505,"href":"https:\/\/crimsondawnart.com\/es\/wp-json\/wp\/v2\/pages\/3\/revisions\/1505"}],"wp:attachment":[{"href":"https:\/\/crimsondawnart.com\/es\/wp-json\/wp\/v2\/media?parent=3"}],"curies":[{"name":"wp","href":"https:\/\/api.w.org\/{rel}","templated":true}]}}