{"id":1291,"date":"2025-06-23T10:21:50","date_gmt":"2025-06-23T10:21:50","guid":{"rendered":"https:\/\/crimsondawnart.com\/?page_id=1291"},"modified":"2025-08-04T21:44:34","modified_gmt":"2025-08-04T21:44:34","slug":"terms-of-service","status":"publish","type":"page","link":"https:\/\/crimsondawnart.com\/es\/terms-of-service\/","title":{"rendered":"Terms of service"},"content":{"rendered":"<div data-elementor-type=\"wp-page\" data-elementor-id=\"1291\" class=\"elementor elementor-1291\" data-elementor-post-type=\"page\">\n\t\t\t\t<div data-particle_enable=\"false\" data-particle-mobile-disabled=\"false\" class=\"elementor-element elementor-element-400c6ac9 e-flex e-con-boxed e-con e-parent\" data-id=\"400c6ac9\" data-element_type=\"container\" data-e-type=\"container\" data-settings=\"{&quot;background_background&quot;:&quot;classic&quot;}\">\n\t\t\t\t\t<div class=\"e-con-inner\">\n\t\t\t\t<div class=\"elementor-element elementor-element-cb12345 elementor-widget elementor-widget-heading\" data-id=\"cb12345\" data-element_type=\"widget\" data-e-type=\"widget\" data-widget_type=\"heading.default\">\n\t\t\t\t<div class=\"elementor-widget-container\">\n\t\t\t\t\t<h2 class=\"elementor-heading-title elementor-size-default\">T\u00e9rminos de servicio<\/h2>\t\t\t\t<\/div>\n\t\t\t\t<\/div>\n\t\t\t\t<div class=\"elementor-element elementor-element-23ed1662 elementor-widget elementor-widget-text-editor\" data-id=\"23ed1662\" data-element_type=\"widget\" data-e-type=\"widget\" data-widget_type=\"text-editor.default\">\n\t\t\t\t<div class=\"elementor-widget-container\">\n\t\t\t\t\t\t\t\t\t<p>Estos t\u00e9rminos se aplican al artista, referenciado como Vendedor y a la persona o instituci\u00f3n llamado Cliente, que realiza una compra a un Vendedor de una obra de arte llamado Producto. Cuando se realiza una compra o se reclaman unos servicios al vendedor, usted est\u00e1 aceptando los t\u00e9rminos y condiciones.<br \/><br \/><br \/><\/p><h3>ENV\u00cdOS<\/h3><ul><li>Los pedidos son enviados desde las Islas Canarias, Espa\u00f1a. El env\u00edo de los pedidos se realizar\u00e1 entre 1 y 2 semanas posteriores a la compra. Sin embargo, en ciertas fechas el vendedor puede realizar el env\u00edo con cierto retraso (por ejemplo, vacaciones nacionales o internacionales).<\/li><li>La llegada del producto puede variar dependiendo del sistema de mensajer\u00eda del pa\u00eds de llegada y tambi\u00e9n de la fecha del env\u00edo (Navidades suele ser una \u00e9poca con un gran n\u00famero de complicaciones debido a los n\u00fameros retrasos).<\/li><li>Una vez es enviado, el paquete queda fuera de nuestro control a menos que se haya elegido el env\u00edo con n\u00famero de seguimiento (certificado). Es responsabilidad del cliente presentar una reclamaci\u00f3n si el paquete no llega a su destino. Sin seguimiento, no nos es posible ofrecer repuesto o reembolso, ya que somos un negocio peque\u00f1o y la tienda es gestionada por una sola persona. Si se ha elegido un env\u00edo con seguimiento, podemos reclamar el paquete y reenviarlo sin coste adicional.<\/li><li>La mayor\u00eda de los productos pasan las aduanas sin problema alguno, pero el vendedor no se hace responsable de ninguna cuota, impuesto o pago que se aplique al paquete durante el tr\u00e1nsito de este. Esta responsabilidad recae sobre el cliente. Por favor, monitorice su paquete atentamente y prep\u00e1rese por si tiene que pagar alg\u00fan impuesto, sobretodo si se trata de un cliente internacional.<\/li><li>Para paquetes con seguimiento, el vendedor no se hace responsable si el paquete desaparece del lugar de env\u00edo una vez aparece el paquete en estado \"estregado\". En estos casos, es el cliente quien debe contactar con su servicio de correos local.<\/li><li>Para realizar un devoluci\u00f3n al vendedor por cualquier motivo, se podr\u00e1 realizar un reembolso del coste del producto, pero los coste del env\u00edo no. Si el cliente desea reenviar el paquete, se cobrar\u00e1n los gastos de env\u00edo pertinentes de nuevo.<\/li><li>El vendedor no es responsable si el paquete es enviado a una direcci\u00f3n err\u00f3nea, debido a una direcci\u00f3n incorrecta o no actualizada por el cliente. Si su direcci\u00f3n es incorrecta, por favor, env\u00ede un email a: <a href=\"mailto:crimsondawnart@gmail.com\">crimsondawnart@gmail.com<\/a> para actualizarlo, siempre y cuando el paquete no haya sido enviado ya.<\/li><\/ul><h3>DEVOLUCIONES, REEMBOLSOS Y CANCELACIONES<\/h3><ul><li>Todas las compras son definitivas, una vez el proceso de pago se completa. Las devoluciones solo est\u00e1n permitidas si el producto alcanza su destino da\u00f1ado. Si este fuera el caso, por favor, contacte v\u00eda email con: <a href=\"mailto:crimsondawnart@gmail.com\">crimsondawnart@gmail.com<\/a> with photos of the damaged product and packaging so the seller can find a solution.<\/li><li>El vendedor no ofrece reembolso total (excepto en el caso del p\u00e1rrafo anterior), intercambio o cancelaci\u00f3n. Por favor, revise su carrito antes de formalizar la compra.<\/li><li>En ocasiones excepcionales, y por motivos importantes, el vendedor puede cancelar y reembolsar un pedido en cualquier momento, notificando al cliente de dicha situaci\u00f3n.<\/li><\/ul><h3>PRECOMPRA<\/h3><ul><li>A la hora de realizar una precompra, el cliente asume y acepta que tendr\u00e1 que esperar a la nueva disponibilidad del producto. Esta espera puede durar meses debido a los tiempo de producci\u00f3n y la posibilidad de retrasos. El cliente puede contactar con el vendedor para preguntar cualquier duda sobre el tiempo de producci\u00f3n y programaci\u00f3n de env\u00edos.<\/li><\/ul>\t\t\t\t\t\t\t\t<\/div>\n\t\t\t\t<\/div>\n\t\t\t\t\t<\/div>\n\t\t\t\t<\/div>\n\t\t\t\t<\/div>","protected":false},"excerpt":{"rendered":"<p>Terms of Service These terms apply to the artist further called Seller and person or institution further called Customer purchasing from Seller a work of art further called Product. When requesting my services and\/or purchasing my products, you agree to my Terms and Conditions. SHIPPING Customer orders are shipped from the Canary Islands, Spain. Customers [&hellip;]<\/p>\n","protected":false},"author":1,"featured_media":0,"parent":0,"menu_order":0,"comment_status":"closed","ping_status":"closed","template":"elementor_header_footer","meta":{"site-sidebar-layout":"default","site-content-layout":"","ast-site-content-layout":"default","site-content-style":"default","site-sidebar-style":"default","ast-global-header-display":"","ast-banner-title-visibility":"","ast-main-header-display":"","ast-hfb-above-header-display":"","ast-hfb-below-header-display":"","ast-hfb-mobile-header-display":"","site-post-title":"","ast-breadcrumbs-content":"","ast-featured-img":"","footer-sml-layout":"","ast-disable-related-posts":"","theme-transparent-header-meta":"default","adv-header-id-meta":"","stick-header-meta":"","header-above-stick-meta":"","header-main-stick-meta":"","header-below-stick-meta":"","astra-migrate-meta-layouts":"set","ast-page-background-enabled":"default","ast-page-background-meta":{"desktop":{"background-color":"var(--ast-global-color-4)","background-image":"","background-repeat":"repeat","background-position":"center center","background-size":"auto","background-attachment":"scroll","background-type":"","background-media":"","overlay-type":"","overlay-color":"","overlay-opacity":"","overlay-gradient":""},"tablet":{"background-color":"","background-image":"","background-repeat":"repeat","background-position":"center center","background-size":"auto","background-attachment":"scroll","background-type":"","background-media":"","overlay-type":"","overlay-color":"","overlay-opacity":"","overlay-gradient":""},"mobile":{"background-color":"","background-image":"","background-repeat":"repeat","background-position":"center center","background-size":"auto","background-attachment":"scroll","background-type":"","background-media":"","overlay-type":"","overlay-color":"","overlay-opacity":"","overlay-gradient":""}},"ast-content-background-meta":{"desktop":{"background-color":"var(--ast-global-color-5)","background-image":"","background-repeat":"repeat","background-position":"center center","background-size":"auto","background-attachment":"scroll","background-type":"","background-media":"","overlay-type":"","overlay-color":"","overlay-opacity":"","overlay-gradient":""},"tablet":{"background-color":"var(--ast-global-color-5)","background-image":"","background-repeat":"repeat","background-position":"center center","background-size":"auto","background-attachment":"scroll","background-type":"","background-media":"","overlay-type":"","overlay-color":"","overlay-opacity":"","overlay-gradient":""},"mobile":{"background-color":"var(--ast-global-color-5)","background-image":"","background-repeat":"repeat","background-position":"center center","background-size":"auto","background-attachment":"scroll","background-type":"","background-media":"","overlay-type":"","overlay-color":"","overlay-opacity":"","overlay-gradient":""}},"footnotes":""},"class_list":["post-1291","page","type-page","status-publish","hentry"],"yoast_head":"<!-- This site is optimized with the Yoast SEO plugin v27.5 - https:\/\/yoast.com\/product\/yoast-seo-wordpress\/ -->\n<title>Terms of service - Crimson Dawn Art<\/title>\n<meta name=\"robots\" content=\"noindex, follow\" \/>\n<meta property=\"og:locale\" content=\"es_ES\" \/>\n<meta property=\"og:type\" content=\"article\" \/>\n<meta property=\"og:title\" content=\"Terms of service - Crimson Dawn Art\" \/>\n<meta property=\"og:description\" content=\"Terms of Service These terms apply to the artist further called Seller and person or institution further called Customer purchasing from Seller a work of art further called Product. When requesting my services and\/or purchasing my products, you agree to my Terms and Conditions. SHIPPING Customer orders are shipped from the Canary Islands, Spain. Customers [&hellip;]\" \/>\n<meta property=\"og:url\" content=\"https:\/\/crimsondawnart.com\/es\/terms-of-service\/\" \/>\n<meta property=\"og:site_name\" content=\"Crimson Dawn Art\" \/>\n<meta property=\"article:modified_time\" content=\"2025-08-04T21:44:34+00:00\" \/>\n<meta name=\"twitter:card\" content=\"summary_large_image\" \/>\n<meta name=\"twitter:label1\" content=\"Tiempo de lectura\" \/>\n\t<meta name=\"twitter:data1\" content=\"3 minutos\" \/>\n<script type=\"application\/ld+json\" class=\"yoast-schema-graph\">{\"@context\":\"https:\\\/\\\/schema.org\",\"@graph\":[{\"@type\":\"WebPage\",\"@id\":\"https:\\\/\\\/crimsondawnart.com\\\/terms-of-service\\\/\",\"url\":\"https:\\\/\\\/crimsondawnart.com\\\/terms-of-service\\\/\",\"name\":\"Terms of service - Crimson Dawn Art\",\"isPartOf\":{\"@id\":\"https:\\\/\\\/crimsondawnart.com\\\/#website\"},\"datePublished\":\"2025-06-23T10:21:50+00:00\",\"dateModified\":\"2025-08-04T21:44:34+00:00\",\"breadcrumb\":{\"@id\":\"https:\\\/\\\/crimsondawnart.com\\\/terms-of-service\\\/#breadcrumb\"},\"inLanguage\":\"es\",\"potentialAction\":[{\"@type\":\"ReadAction\",\"target\":[\"https:\\\/\\\/crimsondawnart.com\\\/terms-of-service\\\/\"]}]},{\"@type\":\"BreadcrumbList\",\"@id\":\"https:\\\/\\\/crimsondawnart.com\\\/terms-of-service\\\/#breadcrumb\",\"itemListElement\":[{\"@type\":\"ListItem\",\"position\":1,\"name\":\"Portada\",\"item\":\"https:\\\/\\\/crimsondawnart.com\\\/\"},{\"@type\":\"ListItem\",\"position\":2,\"name\":\"Terms of service\"}]},{\"@type\":\"WebSite\",\"@id\":\"https:\\\/\\\/crimsondawnart.com\\\/#website\",\"url\":\"https:\\\/\\\/crimsondawnart.com\\\/\",\"name\":\"Crimson Dawn Art\",\"description\":\"Discover the surreal and emotive world of Crimson Dawnart \u2014 illustration, character design, and visual storytelling with a unique artistic voice.\",\"potentialAction\":[{\"@type\":\"SearchAction\",\"target\":{\"@type\":\"EntryPoint\",\"urlTemplate\":\"https:\\\/\\\/crimsondawnart.com\\\/?s={search_term_string}\"},\"query-input\":{\"@type\":\"PropertyValueSpecification\",\"valueRequired\":true,\"valueName\":\"search_term_string\"}}],\"inLanguage\":\"es\"}]}<\/script>\n<!-- \/ Yoast SEO plugin. -->","yoast_head_json":{"title":"Terms of service - Crimson Dawn Art","robots":{"index":"noindex","follow":"follow"},"og_locale":"es_ES","og_type":"article","og_title":"Terms of service - Crimson Dawn Art","og_description":"Terms of Service These terms apply to the artist further called Seller and person or institution further called Customer purchasing from Seller a work of art further called Product. When requesting my services and\/or purchasing my products, you agree to my Terms and Conditions. SHIPPING Customer orders are shipped from the Canary Islands, Spain. Customers [&hellip;]","og_url":"https:\/\/crimsondawnart.com\/es\/terms-of-service\/","og_site_name":"Crimson Dawn Art","article_modified_time":"2025-08-04T21:44:34+00:00","twitter_card":"summary_large_image","twitter_misc":{"Tiempo de lectura":"3 minutos"},"schema":{"@context":"https:\/\/schema.org","@graph":[{"@type":"WebPage","@id":"https:\/\/crimsondawnart.com\/terms-of-service\/","url":"https:\/\/crimsondawnart.com\/terms-of-service\/","name":"Terms of service - Crimson Dawn Art","isPartOf":{"@id":"https:\/\/crimsondawnart.com\/#website"},"datePublished":"2025-06-23T10:21:50+00:00","dateModified":"2025-08-04T21:44:34+00:00","breadcrumb":{"@id":"https:\/\/crimsondawnart.com\/terms-of-service\/#breadcrumb"},"inLanguage":"es","potentialAction":[{"@type":"ReadAction","target":["https:\/\/crimsondawnart.com\/terms-of-service\/"]}]},{"@type":"BreadcrumbList","@id":"https:\/\/crimsondawnart.com\/terms-of-service\/#breadcrumb","itemListElement":[{"@type":"ListItem","position":1,"name":"Portada","item":"https:\/\/crimsondawnart.com\/"},{"@type":"ListItem","position":2,"name":"Terms of service"}]},{"@type":"WebSite","@id":"https:\/\/crimsondawnart.com\/#website","url":"https:\/\/crimsondawnart.com\/","name":"Crimson Dawn Art","description":"Discover the surreal and emotive world of Crimson Dawnart \u2014 illustration, character design, and visual storytelling with a unique artistic voice.","potentialAction":[{"@type":"SearchAction","target":{"@type":"EntryPoint","urlTemplate":"https:\/\/crimsondawnart.com\/?s={search_term_string}"},"query-input":{"@type":"PropertyValueSpecification","valueRequired":true,"valueName":"search_term_string"}}],"inLanguage":"es"}]}},"_links":{"self":[{"href":"https:\/\/crimsondawnart.com\/es\/wp-json\/wp\/v2\/pages\/1291","targetHints":{"allow":["GET"]}}],"collection":[{"href":"https:\/\/crimsondawnart.com\/es\/wp-json\/wp\/v2\/pages"}],"about":[{"href":"https:\/\/crimsondawnart.com\/es\/wp-json\/wp\/v2\/types\/page"}],"author":[{"embeddable":true,"href":"https:\/\/crimsondawnart.com\/es\/wp-json\/wp\/v2\/users\/1"}],"replies":[{"embeddable":true,"href":"https:\/\/crimsondawnart.com\/es\/wp-json\/wp\/v2\/comments?post=1291"}],"version-history":[{"count":10,"href":"https:\/\/crimsondawnart.com\/es\/wp-json\/wp\/v2\/pages\/1291\/revisions"}],"predecessor-version":[{"id":1454,"href":"https:\/\/crimsondawnart.com\/es\/wp-json\/wp\/v2\/pages\/1291\/revisions\/1454"}],"wp:attachment":[{"href":"https:\/\/crimsondawnart.com\/es\/wp-json\/wp\/v2\/media?parent=1291"}],"curies":[{"name":"wp","href":"https:\/\/api.w.org\/{rel}","templated":true}]}}