{"id":12,"date":"2024-08-29T11:28:24","date_gmt":"2024-08-29T11:28:24","guid":{"rendered":"https:\/\/revolutionsoft.shop\/?page_id=12"},"modified":"2025-10-05T15:23:25","modified_gmt":"2025-10-05T15:23:25","slug":"cookies-policy","status":"publish","type":"page","link":"https:\/\/crimsondawnart.com\/es\/cookies-policy\/","title":{"rendered":"Pol\u00edtica de cookies"},"content":{"rendered":"<p data-start=\"118\" data-end=\"413\"><strong data-start=\"118\" data-end=\"413\">En cumplimiento de lo dispuesto en el art\u00edculo 22.2 de la Ley 34\/2002 de Servicios de la Sociedad de la Informaci\u00f3n y de Comercio Electr\u00f3nico (LSSI-CE), as\u00ed como en el Reglamento General de Protecci\u00f3n de Datos (RGPD) (UE) 2016\/679, los usuarios del sitio web <a class=\"decorated-link\" href=\"https:\/\/crimsondawnart.com\/es\/\" target=\"_new\" rel=\"noopener\" data-start=\"345\" data-end=\"372\">https:\/\/crimsondawnart.com\/<\/a> Se le informa sobre el uso de cookies.<\/strong><\/p>\n<hr data-start=\"415\" data-end=\"418\" \/>\n<h3 data-start=\"420\" data-end=\"441\">\u00bfQu\u00e9 son las cookies?<\/h3>\n<p data-start=\"443\" data-end=\"802\">Las cookies son peque\u00f1os archivos de texto que se almacenan en el dispositivo del usuario (ordenador, smartphone, tablet) al acceder a determinadas p\u00e1ginas web. Permiten, entre otras cosas, almacenar y recuperar informaci\u00f3n sobre los h\u00e1bitos de navegaci\u00f3n del usuario o de su dispositivo y, dependiendo de la informaci\u00f3n que contengan y del uso que se haga del dispositivo, pueden utilizarse para reconocer al usuario.<\/p>\n<hr data-start=\"804\" data-end=\"807\" \/>\n<h3 data-start=\"809\" data-end=\"850\">Tipos de cookies utilizadas en este sitio web<\/h3>\n<p data-start=\"852\" data-end=\"921\">En <a class=\"decorated-link\" href=\"https:\/\/crimsondawnart.com\/es\/\" target=\"_new\" rel=\"noopener\" data-start=\"855\" data-end=\"882\">https:\/\/crimsondawnart.com\/<\/a> utilizamos los siguientes tipos de cookies:<\/p>\n<p data-start=\"923\" data-end=\"1090\"><strong data-start=\"923\" data-end=\"945\">Cookies t\u00e9cnicas:<\/strong> Son esenciales para el correcto funcionamiento del sitio web. Permiten al usuario navegar y utilizar las diferentes opciones o servicios del sitio.<\/p>\n<p data-start=\"1092\" data-end=\"1296\"><strong data-start=\"1092\" data-end=\"1120\">Cookies de personalizaci\u00f3n:<\/strong> Permiten al usuario acceder al servicio con algunas caracter\u00edsticas de car\u00e1cter general predefinidas en funci\u00f3n de una serie de criterios en el terminal del usuario como por ejemplo el idioma o el tipo de navegador.<\/p>\n<p data-start=\"1298\" data-end=\"1504\"><strong data-start=\"1298\" data-end=\"1320\">Cookies anal\u00edticas:<\/strong> Son aquellas que, bien tratadas por nosotros o por terceros, nos permiten cuantificar el n\u00famero de usuarios y realizar la medici\u00f3n y an\u00e1lisis estad\u00edstico de la interacci\u00f3n de los usuarios con el sitio web.<\/p>\n<p data-start=\"1506\" data-end=\"1635\"><strong data-start=\"1506\" data-end=\"1530\">Cookies publicitarias:<\/strong> Permiten la gesti\u00f3n de los espacios publicitarios del sitio web, mostrando anuncios basados \u200b\u200ben el comportamiento del usuario.<\/p>\n<hr data-start=\"1637\" data-end=\"1640\" \/>\n<h3 data-start=\"1642\" data-end=\"1665\">Cookies de terceros<\/h3>\n<p data-start=\"1667\" data-end=\"1847\">En <a class=\"decorated-link\" href=\"https:\/\/crimsondawnart.com\/es\/\" target=\"_new\" rel=\"noopener\" data-start=\"1670\" data-end=\"1697\">https:\/\/crimsondawnart.com\/<\/a> Se podr\u00e1n utilizar servicios de terceros que recopilen informaci\u00f3n con fines estad\u00edsticos y para prestar otros servicios relacionados con la actividad del sitio web.<\/p>\n<p data-start=\"1849\" data-end=\"1865\">Incluyen:<\/p>\n<ul data-start=\"1867\" data-end=\"2072\">\n<li data-start=\"1867\" data-end=\"1938\">\n<p data-start=\"1869\" data-end=\"1938\"><strong data-start=\"1869\" data-end=\"1890\">Google Analytics:<\/strong> Para recopilar datos estad\u00edsticos sobre el uso del sitio web.<\/p>\n<\/li>\n<li data-start=\"1939\" data-end=\"2023\">\n<p data-start=\"1941\" data-end=\"2023\"><strong data-start=\"1941\" data-end=\"1967\">Meta (Facebook) Pixel:<\/strong> Para seguimiento de conversiones y publicidad personalizada.<\/p>\n<\/li>\n<li data-start=\"2024\" data-end=\"2072\">\n<p data-start=\"2026\" data-end=\"2072\"><strong data-start=\"2026\" data-end=\"2038\">YouTube:<\/strong> Para mostrar v\u00eddeos incrustados.<\/p>\n<\/li>\n<\/ul>\n<p data-start=\"2074\" data-end=\"2137\">Cada uno de estos servicios tiene sus propias pol\u00edticas de cookies y privacidad.<\/p>\n<hr data-start=\"2139\" data-end=\"2142\" \/>\n<h3 data-start=\"2144\" data-end=\"2170\">C\u00f3mo desactivar las cookies<\/h3>\n<p data-start=\"2172\" data-end=\"2343\">El usuario puede permitir, bloquear o eliminar las cookies instaladas en su dispositivo configurando las opciones de su navegador. A continuaci\u00f3n, encontrar\u00e1 los enlaces para gestionar las cookies en los principales navegadores:<\/p>\n<ul data-start=\"2345\" data-end=\"2527\">\n<li data-start=\"2345\" data-end=\"2391\">\n<p data-start=\"2347\" data-end=\"2391\"><strong data-start=\"2347\" data-end=\"2365\">Google Chrome:<\/strong> Enlace a la configuraci\u00f3n de Chrome<\/p>\n<\/li>\n<li data-start=\"2392\" data-end=\"2441\">\n<p data-start=\"2394\" data-end=\"2441\"><strong data-start=\"2394\" data-end=\"2414\">Mozilla Firefox:<\/strong> Enlace a la configuraci\u00f3n de Firefox<\/p>\n<\/li>\n<li data-start=\"2442\" data-end=\"2487\">\n<p data-start=\"2444\" data-end=\"2487\"><strong data-start=\"2444\" data-end=\"2463\">Microsoft Edge:<\/strong> Enlace a la configuraci\u00f3n de Edge<\/p>\n<\/li>\n<li data-start=\"2488\" data-end=\"2527\">\n<p data-start=\"2490\" data-end=\"2527\"><strong data-start=\"2490\" data-end=\"2501\">Safari:<\/strong> Enlace a la configuraci\u00f3n de Safari<\/p>\n<\/li>\n<\/ul>\n<p data-start=\"2529\" data-end=\"2622\">El bloqueo de las cookies puede afectar el correcto funcionamiento del sitio web y limitar ciertas funciones.<\/p>\n<hr data-start=\"2624\" data-end=\"2627\" \/>\n<h3 data-start=\"2629\" data-end=\"2664\">Aceptaci\u00f3n de la Pol\u00edtica de Cookies<\/h3>\n<p data-start=\"2666\" data-end=\"2933\">Al acceder <a class=\"decorated-link\" href=\"https:\/\/crimsondawnart.com\/es\/\" target=\"_new\" rel=\"noopener\" data-start=\"2681\" data-end=\"2708\">https:\/\/crimsondawnart.com\/<\/a> Por primera vez, se mostrar\u00e1 un banner informativo sobre el uso de cookies. Al continuar navegando o hacer clic en \u00abAceptar todas las cookies\u00bb, el usuario consiente expresamente el uso de cookies, tal como se describe en esta pol\u00edtica.<\/p>\n<p data-start=\"2935\" data-end=\"3063\">El usuario podr\u00e1 revocar su consentimiento en cualquier momento mediante la configuraci\u00f3n de las opciones de su navegador o utilizando las herramientas puestas a disposici\u00f3n en el sitio web.<\/p>","protected":false},"excerpt":{"rendered":"<p>In compliance with the provisions of Article 22.2 of Law 34\/2002 on Information Society Services and Electronic Commerce (LSSI-CE), as well as the General Data Protection Regulation (GDPR) (EU) 2016\/679, users of the website https:\/\/crimsondawnart.com\/ are informed about the use of cookies. What are cookies? Cookies are small text files that are stored on the [&hellip;]<\/p>\n","protected":false},"author":1,"featured_media":0,"parent":0,"menu_order":0,"comment_status":"closed","ping_status":"closed","template":"","meta":{"site-sidebar-layout":"default","site-content-layout":"","ast-site-content-layout":"default","site-content-style":"default","site-sidebar-style":"default","ast-global-header-display":"","ast-banner-title-visibility":"","ast-main-header-display":"","ast-hfb-above-header-display":"","ast-hfb-below-header-display":"","ast-hfb-mobile-header-display":"","site-post-title":"","ast-breadcrumbs-content":"","ast-featured-img":"","footer-sml-layout":"","ast-disable-related-posts":"","theme-transparent-header-meta":"default","adv-header-id-meta":"","stick-header-meta":"","header-above-stick-meta":"","header-main-stick-meta":"","header-below-stick-meta":"","astra-migrate-meta-layouts":"set","ast-page-background-enabled":"default","ast-page-background-meta":{"desktop":{"background-color":"var(--ast-global-color-4)","background-image":"","background-repeat":"repeat","background-position":"center center","background-size":"auto","background-attachment":"scroll","background-type":"","background-media":"","overlay-type":"","overlay-color":"","overlay-opacity":"","overlay-gradient":""},"tablet":{"background-color":"","background-image":"","background-repeat":"repeat","background-position":"center center","background-size":"auto","background-attachment":"scroll","background-type":"","background-media":"","overlay-type":"","overlay-color":"","overlay-opacity":"","overlay-gradient":""},"mobile":{"background-color":"","background-image":"","background-repeat":"repeat","background-position":"center center","background-size":"auto","background-attachment":"scroll","background-type":"","background-media":"","overlay-type":"","overlay-color":"","overlay-opacity":"","overlay-gradient":""}},"ast-content-background-meta":{"desktop":{"background-color":"var(--ast-global-color-5)","background-image":"","background-repeat":"repeat","background-position":"center center","background-size":"auto","background-attachment":"scroll","background-type":"","background-media":"","overlay-type":"","overlay-color":"","overlay-opacity":"","overlay-gradient":""},"tablet":{"background-color":"var(--ast-global-color-5)","background-image":"","background-repeat":"repeat","background-position":"center center","background-size":"auto","background-attachment":"scroll","background-type":"","background-media":"","overlay-type":"","overlay-color":"","overlay-opacity":"","overlay-gradient":""},"mobile":{"background-color":"var(--ast-global-color-5)","background-image":"","background-repeat":"repeat","background-position":"center center","background-size":"auto","background-attachment":"scroll","background-type":"","background-media":"","overlay-type":"","overlay-color":"","overlay-opacity":"","overlay-gradient":""}},"footnotes":""},"class_list":["post-12","page","type-page","status-publish","hentry"],"yoast_head":"<!-- This site is optimized with the Yoast SEO plugin v27.4 - https:\/\/yoast.com\/product\/yoast-seo-wordpress\/ -->\n<title>Cookies policy - Crimson Dawn Art<\/title>\n<meta name=\"robots\" content=\"noindex, follow\" \/>\n<meta property=\"og:locale\" content=\"es_ES\" \/>\n<meta property=\"og:type\" content=\"article\" \/>\n<meta property=\"og:title\" content=\"Cookies policy - Crimson Dawn Art\" \/>\n<meta property=\"og:description\" content=\"In compliance with the provisions of Article 22.2 of Law 34\/2002 on Information Society Services and Electronic Commerce (LSSI-CE), as well as the General Data Protection Regulation (GDPR) (EU) 2016\/679, users of the website https:\/\/crimsondawnart.com\/ are informed about the use of cookies. What are cookies? Cookies are small text files that are stored on the [&hellip;]\" \/>\n<meta property=\"og:url\" content=\"https:\/\/crimsondawnart.com\/es\/cookies-policy\/\" \/>\n<meta property=\"og:site_name\" content=\"Crimson Dawn Art\" \/>\n<meta property=\"article:modified_time\" content=\"2025-10-05T15:23:25+00:00\" \/>\n<meta name=\"twitter:card\" content=\"summary_large_image\" \/>\n<meta name=\"twitter:label1\" content=\"Tiempo de lectura\" \/>\n\t<meta name=\"twitter:data1\" content=\"2 minutos\" \/>\n<script type=\"application\/ld+json\" class=\"yoast-schema-graph\">{\"@context\":\"https:\\\/\\\/schema.org\",\"@graph\":[{\"@type\":\"WebPage\",\"@id\":\"https:\\\/\\\/crimsondawnart.com\\\/cookies-policy\\\/\",\"url\":\"https:\\\/\\\/crimsondawnart.com\\\/cookies-policy\\\/\",\"name\":\"Cookies policy - Crimson Dawn Art\",\"isPartOf\":{\"@id\":\"https:\\\/\\\/crimsondawnart.com\\\/#website\"},\"datePublished\":\"2024-08-29T11:28:24+00:00\",\"dateModified\":\"2025-10-05T15:23:25+00:00\",\"breadcrumb\":{\"@id\":\"https:\\\/\\\/crimsondawnart.com\\\/cookies-policy\\\/#breadcrumb\"},\"inLanguage\":\"es\",\"potentialAction\":[{\"@type\":\"ReadAction\",\"target\":[\"https:\\\/\\\/crimsondawnart.com\\\/cookies-policy\\\/\"]}]},{\"@type\":\"BreadcrumbList\",\"@id\":\"https:\\\/\\\/crimsondawnart.com\\\/cookies-policy\\\/#breadcrumb\",\"itemListElement\":[{\"@type\":\"ListItem\",\"position\":1,\"name\":\"Portada\",\"item\":\"https:\\\/\\\/crimsondawnart.com\\\/\"},{\"@type\":\"ListItem\",\"position\":2,\"name\":\"Cookies policy\"}]},{\"@type\":\"WebSite\",\"@id\":\"https:\\\/\\\/crimsondawnart.com\\\/#website\",\"url\":\"https:\\\/\\\/crimsondawnart.com\\\/\",\"name\":\"Crimson Dawn Art\",\"description\":\"Discover the surreal and emotive world of Crimson Dawnart \u2014 illustration, character design, and visual storytelling with a unique artistic voice.\",\"potentialAction\":[{\"@type\":\"SearchAction\",\"target\":{\"@type\":\"EntryPoint\",\"urlTemplate\":\"https:\\\/\\\/crimsondawnart.com\\\/?s={search_term_string}\"},\"query-input\":{\"@type\":\"PropertyValueSpecification\",\"valueRequired\":true,\"valueName\":\"search_term_string\"}}],\"inLanguage\":\"es\"}]}<\/script>\n<!-- \/ Yoast SEO plugin. -->","yoast_head_json":{"title":"Cookies policy - Crimson Dawn Art","robots":{"index":"noindex","follow":"follow"},"og_locale":"es_ES","og_type":"article","og_title":"Cookies policy - Crimson Dawn Art","og_description":"In compliance with the provisions of Article 22.2 of Law 34\/2002 on Information Society Services and Electronic Commerce (LSSI-CE), as well as the General Data Protection Regulation (GDPR) (EU) 2016\/679, users of the website https:\/\/crimsondawnart.com\/ are informed about the use of cookies. What are cookies? Cookies are small text files that are stored on the [&hellip;]","og_url":"https:\/\/crimsondawnart.com\/es\/cookies-policy\/","og_site_name":"Crimson Dawn Art","article_modified_time":"2025-10-05T15:23:25+00:00","twitter_card":"summary_large_image","twitter_misc":{"Tiempo de lectura":"2 minutos"},"schema":{"@context":"https:\/\/schema.org","@graph":[{"@type":"WebPage","@id":"https:\/\/crimsondawnart.com\/cookies-policy\/","url":"https:\/\/crimsondawnart.com\/cookies-policy\/","name":"Cookies policy - Crimson Dawn Art","isPartOf":{"@id":"https:\/\/crimsondawnart.com\/#website"},"datePublished":"2024-08-29T11:28:24+00:00","dateModified":"2025-10-05T15:23:25+00:00","breadcrumb":{"@id":"https:\/\/crimsondawnart.com\/cookies-policy\/#breadcrumb"},"inLanguage":"es","potentialAction":[{"@type":"ReadAction","target":["https:\/\/crimsondawnart.com\/cookies-policy\/"]}]},{"@type":"BreadcrumbList","@id":"https:\/\/crimsondawnart.com\/cookies-policy\/#breadcrumb","itemListElement":[{"@type":"ListItem","position":1,"name":"Portada","item":"https:\/\/crimsondawnart.com\/"},{"@type":"ListItem","position":2,"name":"Cookies policy"}]},{"@type":"WebSite","@id":"https:\/\/crimsondawnart.com\/#website","url":"https:\/\/crimsondawnart.com\/","name":"Crimson Dawn Art","description":"Discover the surreal and emotive world of Crimson Dawnart \u2014 illustration, character design, and visual storytelling with a unique artistic voice.","potentialAction":[{"@type":"SearchAction","target":{"@type":"EntryPoint","urlTemplate":"https:\/\/crimsondawnart.com\/?s={search_term_string}"},"query-input":{"@type":"PropertyValueSpecification","valueRequired":true,"valueName":"search_term_string"}}],"inLanguage":"es"}]}},"_links":{"self":[{"href":"https:\/\/crimsondawnart.com\/es\/wp-json\/wp\/v2\/pages\/12","targetHints":{"allow":["GET"]}}],"collection":[{"href":"https:\/\/crimsondawnart.com\/es\/wp-json\/wp\/v2\/pages"}],"about":[{"href":"https:\/\/crimsondawnart.com\/es\/wp-json\/wp\/v2\/types\/page"}],"author":[{"embeddable":true,"href":"https:\/\/crimsondawnart.com\/es\/wp-json\/wp\/v2\/users\/1"}],"replies":[{"embeddable":true,"href":"https:\/\/crimsondawnart.com\/es\/wp-json\/wp\/v2\/comments?post=12"}],"version-history":[{"count":3,"href":"https:\/\/crimsondawnart.com\/es\/wp-json\/wp\/v2\/pages\/12\/revisions"}],"predecessor-version":[{"id":1508,"href":"https:\/\/crimsondawnart.com\/es\/wp-json\/wp\/v2\/pages\/12\/revisions\/1508"}],"wp:attachment":[{"href":"https:\/\/crimsondawnart.com\/es\/wp-json\/wp\/v2\/media?parent=12"}],"curies":[{"name":"wp","href":"https:\/\/api.w.org\/{rel}","templated":true}]}}