{"id":10,"date":"2024-08-29T11:27:31","date_gmt":"2024-08-29T11:27:31","guid":{"rendered":"https:\/\/revolutionsoft.shop\/?page_id=10"},"modified":"2025-09-26T12:15:22","modified_gmt":"2025-09-26T12:15:22","slug":"legal-notice","status":"publish","type":"page","link":"https:\/\/crimsondawnart.com\/es\/legal-notice\/","title":{"rendered":"Legal notice"},"content":{"rendered":"<div data-elementor-type=\"wp-page\" data-elementor-id=\"10\" class=\"elementor elementor-10\" data-elementor-post-type=\"page\">\n\t\t\t\t<div data-particle_enable=\"false\" data-particle-mobile-disabled=\"false\" class=\"elementor-element elementor-element-400c6ac9 e-flex e-con-boxed e-con e-parent\" data-id=\"400c6ac9\" data-element_type=\"container\" data-e-type=\"container\" data-settings=\"{&quot;background_background&quot;:&quot;classic&quot;}\">\n\t\t\t\t\t<div class=\"e-con-inner\">\n\t\t\t\t<div class=\"elementor-element elementor-element-cb12345 elementor-widget elementor-widget-heading\" data-id=\"cb12345\" data-element_type=\"widget\" data-e-type=\"widget\" data-widget_type=\"heading.default\">\n\t\t\t\t<div class=\"elementor-widget-container\">\n\t\t\t\t\t<h2 class=\"elementor-heading-title elementor-size-default\">Aviso Legal<\/h2>\t\t\t\t<\/div>\n\t\t\t\t<\/div>\n\t\t\t\t<div class=\"elementor-element elementor-element-23ed1662 elementor-widget elementor-widget-text-editor\" data-id=\"23ed1662\" data-element_type=\"widget\" data-e-type=\"widget\" data-widget_type=\"text-editor.default\">\n\t\t\t\t<div class=\"elementor-widget-container\">\n\t\t\t\t\t\t\t\t\t<p>En cumplimiento con lo dispuesto en la Ley 34\/2002, de 11 de julio, de Servicios de la Sociedad de la Informaci\u00f3n y de Comercio Electr\u00f3nico (LSSI-CE), se informa de los siguientes aspectos legales de este sitio web:<\/p><p><strong>Titularidad del Sitio Web:<\/strong><\/p><ul><li><strong>Raz\u00f3n social<\/strong>: Alba de los \u00c1ngeles Izquierdo \u00c1lvarez<\/li><li><strong>NIF<\/strong>: 51153914M<\/li><li><strong>Domicilio fiscal y social<\/strong>: 38350, Tacoronte<\/li><li><strong>Email<\/strong>: crimsondawnart@gmail.com<\/li><li><strong>P\u00e1gina web<\/strong>: <a href=\"https:\/\/crimsondawnart.com\/es\/\">https:\/\/crimsondawnart.com\/<\/a><\/li><\/ul><hr class=\"\" data-start=\"769\" data-end=\"772\" \/><h3>Prop\u00f3sito del Sitio Web<\/h3><p>Este Aviso Legal rige el acceso, la navegaci\u00f3n y el uso de la p\u00e1gina web <a href=\"https:\/\/crimsondawnart.com\/es\/\">https:\/\/crimsondawnart.com\/<\/a>, propiedad de Alba de los \u00c1ngeles Izquierdo \u00c1lvarez<\/p><p>El acceso a este sitio web confiere el t\u00edtulo de usuario e implica expresa y p\u00fablica aceptaci\u00f3n de las condiciones generales publicadas en este aviso legal en el momento en que el usuario accede al sitio web.<\/p><hr class=\"\" data-start=\"1191\" data-end=\"1194\" \/><h3>Condiciones de uso<\/h3><p>El acceso y uso de este sitio web atribuye la condici\u00f3n de usuario, e implica la aceptaci\u00f3n plena y sin reservas de todas y cada una de las disposiciones incluidas en este Aviso Legal, en la versi\u00f3n publicada en el mismo momento en que el usuario acceda al sitio web.<\/p><p>El uso de la p\u00e1gina web con objetivos ilegales, perjudiciales para otras personas y usuarios, o que de alguna forma da\u00f1en, inhabiliten o sobrecarguen la p\u00e1gina o impidan su funcionamiento normal est\u00e1 prohibido.<\/p><hr class=\"\" data-start=\"1614\" data-end=\"1617\" \/><h3>Propiedad Intelectual e Industrial<\/h3><p>Todos los contenidos del sitio web, entendiendo por estos, a t\u00edtulo enunciativo, los textos, fotograf\u00edas, gr\u00e1ficos, im\u00e1genes, iconos, tecnolog\u00eda, software, y dem\u00e1s contenidos audiovisuales o sonoros, as\u00ed como su dise\u00f1o gr\u00e1fico y c\u00f3digos fuente, son propiedad intelectual de crimsondawnart.com, sin que puedan entenderse cedidos al usuario ninguno de los derechos de explotaci\u00f3n sobre los mismos m\u00e1s all\u00e1 de lo estrictamente necesario para el correcto uso del sitio web.<\/p><p>La reproducci\u00f3n, distribuci\u00f3n, exposici\u00f3n p\u00fablica, transformaci\u00f3n, o cualquier otro tipo de explotaci\u00f3n sin el previo consentimiento de la autora est\u00e1n prohibidos.<\/p><hr class=\"\" data-start=\"2176\" data-end=\"2179\" \/><h3>Responsabilidad de los Contenidos<\/h3><p>crimsondawnart.com no se responsabiliza de la legalidad de otros sitios web de terceros desde los que pueda accederse a este sitio web.<\/p><p>Tampoco responde por la legalidad de otros sitios web de terceros que pudieran estar vinculados o enlazados desde este sitio web.<\/p><hr class=\"\" data-start=\"2624\" data-end=\"2627\" \/><h3>Links Externos<\/h3><p>Si la p\u00e1gina web contiene v\u00ednculos o hiperv\u00ednculos a otras p\u00e1ginas de internet, el due\u00f1o no ejerce ning\u00fan control sobre dichas p\u00e1ginas y su contenido. Bajo ninguna circunstancia el due\u00f1o asumir\u00e1 la responsabilidad del contenido mostrado en un enlace de cualquier otra p\u00e1gina o web.<\/p><hr class=\"\" data-start=\"2959\" data-end=\"2962\" \/><h3>Modificaciones al Aviso Legal<\/h3><p>El due\u00f1o de la p\u00e1gina web se reserva el derecho de modificar este Aviso Legal en cualquier momento y sin previo aviso, actualizando las modificaciones en la p\u00e1gina web para la informaci\u00f3n del usuario.<\/p><hr class=\"\" data-start=\"3222\" data-end=\"3225\" \/><h3>Legislaci\u00f3n y Jurisdicci\u00f3n Aplicable<\/h3><p>La relaci\u00f3n entre crimsondawnart.com y el usuario se regir\u00e1 por la normativa espa\u00f1ola vigente, y cualquier controversia se someter\u00e1 a los juzgados y tribunales locales del domicilio del due\u00f1o de la p\u00e1gina web, salvo que la legislaci\u00f3n aplicable disponga otra cosa.<\/p>\t\t\t\t\t\t\t\t<\/div>\n\t\t\t\t<\/div>\n\t\t\t\t\t<\/div>\n\t\t\t\t<\/div>\n\t\t\t\t<\/div>","protected":false},"excerpt":{"rendered":"<p>Legal Notice In compliance with the provisions of Article 10 of Law 34\/2002, of July 11, on Information Society Services and Electronic Commerce (LSSI-CE), users are hereby informed of the identifying details of the website owner: Website owner: Name: Alba de los \u00c1ngeles Izquierdo \u00c1lvarez NIF: 51153914M Address: 38350, Tacoronte Email: crimsondawnart@gmail.com Website: https:\/\/crimsondawnart.com\/ Purpose [&hellip;]<\/p>\n","protected":false},"author":1,"featured_media":0,"parent":0,"menu_order":0,"comment_status":"closed","ping_status":"closed","template":"elementor_header_footer","meta":{"site-sidebar-layout":"default","site-content-layout":"","ast-site-content-layout":"default","site-content-style":"default","site-sidebar-style":"default","ast-global-header-display":"","ast-banner-title-visibility":"","ast-main-header-display":"","ast-hfb-above-header-display":"","ast-hfb-below-header-display":"","ast-hfb-mobile-header-display":"","site-post-title":"","ast-breadcrumbs-content":"","ast-featured-img":"","footer-sml-layout":"","ast-disable-related-posts":"","theme-transparent-header-meta":"default","adv-header-id-meta":"","stick-header-meta":"","header-above-stick-meta":"","header-main-stick-meta":"","header-below-stick-meta":"","astra-migrate-meta-layouts":"set","ast-page-background-enabled":"default","ast-page-background-meta":{"desktop":{"background-color":"var(--ast-global-color-4)","background-image":"","background-repeat":"repeat","background-position":"center center","background-size":"auto","background-attachment":"scroll","background-type":"","background-media":"","overlay-type":"","overlay-color":"","overlay-opacity":"","overlay-gradient":""},"tablet":{"background-color":"","background-image":"","background-repeat":"repeat","background-position":"center center","background-size":"auto","background-attachment":"scroll","background-type":"","background-media":"","overlay-type":"","overlay-color":"","overlay-opacity":"","overlay-gradient":""},"mobile":{"background-color":"","background-image":"","background-repeat":"repeat","background-position":"center center","background-size":"auto","background-attachment":"scroll","background-type":"","background-media":"","overlay-type":"","overlay-color":"","overlay-opacity":"","overlay-gradient":""}},"ast-content-background-meta":{"desktop":{"background-color":"var(--ast-global-color-5)","background-image":"","background-repeat":"repeat","background-position":"center center","background-size":"auto","background-attachment":"scroll","background-type":"","background-media":"","overlay-type":"","overlay-color":"","overlay-opacity":"","overlay-gradient":""},"tablet":{"background-color":"var(--ast-global-color-5)","background-image":"","background-repeat":"repeat","background-position":"center center","background-size":"auto","background-attachment":"scroll","background-type":"","background-media":"","overlay-type":"","overlay-color":"","overlay-opacity":"","overlay-gradient":""},"mobile":{"background-color":"var(--ast-global-color-5)","background-image":"","background-repeat":"repeat","background-position":"center center","background-size":"auto","background-attachment":"scroll","background-type":"","background-media":"","overlay-type":"","overlay-color":"","overlay-opacity":"","overlay-gradient":""}},"footnotes":""},"class_list":["post-10","page","type-page","status-publish","hentry"],"yoast_head":"<!-- This site is optimized with the Yoast SEO plugin v27.4 - https:\/\/yoast.com\/product\/yoast-seo-wordpress\/ -->\n<title>Legal notice - Crimson Dawn Art<\/title>\n<meta name=\"robots\" content=\"noindex, follow\" \/>\n<meta property=\"og:locale\" content=\"es_ES\" \/>\n<meta property=\"og:type\" content=\"article\" \/>\n<meta property=\"og:title\" content=\"Legal notice - Crimson Dawn Art\" \/>\n<meta property=\"og:description\" content=\"Legal Notice In compliance with the provisions of Article 10 of Law 34\/2002, of July 11, on Information Society Services and Electronic Commerce (LSSI-CE), users are hereby informed of the identifying details of the website owner: Website owner: Name: Alba de los \u00c1ngeles Izquierdo \u00c1lvarez NIF: 51153914M Address: 38350, Tacoronte Email: crimsondawnart@gmail.com Website: https:\/\/crimsondawnart.com\/ Purpose [&hellip;]\" \/>\n<meta property=\"og:url\" content=\"https:\/\/crimsondawnart.com\/es\/legal-notice\/\" \/>\n<meta property=\"og:site_name\" content=\"Crimson Dawn Art\" \/>\n<meta property=\"article:modified_time\" content=\"2025-09-26T12:15:22+00:00\" \/>\n<meta name=\"twitter:card\" content=\"summary_large_image\" \/>\n<meta name=\"twitter:label1\" content=\"Tiempo de lectura\" \/>\n\t<meta name=\"twitter:data1\" content=\"2 minutos\" \/>\n<script type=\"application\/ld+json\" class=\"yoast-schema-graph\">{\"@context\":\"https:\\\/\\\/schema.org\",\"@graph\":[{\"@type\":\"WebPage\",\"@id\":\"https:\\\/\\\/crimsondawnart.com\\\/legal-notice\\\/\",\"url\":\"https:\\\/\\\/crimsondawnart.com\\\/legal-notice\\\/\",\"name\":\"Legal notice - Crimson Dawn Art\",\"isPartOf\":{\"@id\":\"https:\\\/\\\/crimsondawnart.com\\\/#website\"},\"datePublished\":\"2024-08-29T11:27:31+00:00\",\"dateModified\":\"2025-09-26T12:15:22+00:00\",\"breadcrumb\":{\"@id\":\"https:\\\/\\\/crimsondawnart.com\\\/legal-notice\\\/#breadcrumb\"},\"inLanguage\":\"es\",\"potentialAction\":[{\"@type\":\"ReadAction\",\"target\":[\"https:\\\/\\\/crimsondawnart.com\\\/legal-notice\\\/\"]}]},{\"@type\":\"BreadcrumbList\",\"@id\":\"https:\\\/\\\/crimsondawnart.com\\\/legal-notice\\\/#breadcrumb\",\"itemListElement\":[{\"@type\":\"ListItem\",\"position\":1,\"name\":\"Portada\",\"item\":\"https:\\\/\\\/crimsondawnart.com\\\/\"},{\"@type\":\"ListItem\",\"position\":2,\"name\":\"Legal notice\"}]},{\"@type\":\"WebSite\",\"@id\":\"https:\\\/\\\/crimsondawnart.com\\\/#website\",\"url\":\"https:\\\/\\\/crimsondawnart.com\\\/\",\"name\":\"Crimson Dawn Art\",\"description\":\"Discover the surreal and emotive world of Crimson Dawnart \u2014 illustration, character design, and visual storytelling with a unique artistic voice.\",\"potentialAction\":[{\"@type\":\"SearchAction\",\"target\":{\"@type\":\"EntryPoint\",\"urlTemplate\":\"https:\\\/\\\/crimsondawnart.com\\\/?s={search_term_string}\"},\"query-input\":{\"@type\":\"PropertyValueSpecification\",\"valueRequired\":true,\"valueName\":\"search_term_string\"}}],\"inLanguage\":\"es\"}]}<\/script>\n<!-- \/ Yoast SEO plugin. -->","yoast_head_json":{"title":"Legal notice - Crimson Dawn Art","robots":{"index":"noindex","follow":"follow"},"og_locale":"es_ES","og_type":"article","og_title":"Legal notice - Crimson Dawn Art","og_description":"Legal Notice In compliance with the provisions of Article 10 of Law 34\/2002, of July 11, on Information Society Services and Electronic Commerce (LSSI-CE), users are hereby informed of the identifying details of the website owner: Website owner: Name: Alba de los \u00c1ngeles Izquierdo \u00c1lvarez NIF: 51153914M Address: 38350, Tacoronte Email: crimsondawnart@gmail.com Website: https:\/\/crimsondawnart.com\/ Purpose [&hellip;]","og_url":"https:\/\/crimsondawnart.com\/es\/legal-notice\/","og_site_name":"Crimson Dawn Art","article_modified_time":"2025-09-26T12:15:22+00:00","twitter_card":"summary_large_image","twitter_misc":{"Tiempo de lectura":"2 minutos"},"schema":{"@context":"https:\/\/schema.org","@graph":[{"@type":"WebPage","@id":"https:\/\/crimsondawnart.com\/legal-notice\/","url":"https:\/\/crimsondawnart.com\/legal-notice\/","name":"Legal notice - Crimson Dawn Art","isPartOf":{"@id":"https:\/\/crimsondawnart.com\/#website"},"datePublished":"2024-08-29T11:27:31+00:00","dateModified":"2025-09-26T12:15:22+00:00","breadcrumb":{"@id":"https:\/\/crimsondawnart.com\/legal-notice\/#breadcrumb"},"inLanguage":"es","potentialAction":[{"@type":"ReadAction","target":["https:\/\/crimsondawnart.com\/legal-notice\/"]}]},{"@type":"BreadcrumbList","@id":"https:\/\/crimsondawnart.com\/legal-notice\/#breadcrumb","itemListElement":[{"@type":"ListItem","position":1,"name":"Portada","item":"https:\/\/crimsondawnart.com\/"},{"@type":"ListItem","position":2,"name":"Legal notice"}]},{"@type":"WebSite","@id":"https:\/\/crimsondawnart.com\/#website","url":"https:\/\/crimsondawnart.com\/","name":"Crimson Dawn Art","description":"Discover the surreal and emotive world of Crimson Dawnart \u2014 illustration, character design, and visual storytelling with a unique artistic voice.","potentialAction":[{"@type":"SearchAction","target":{"@type":"EntryPoint","urlTemplate":"https:\/\/crimsondawnart.com\/?s={search_term_string}"},"query-input":{"@type":"PropertyValueSpecification","valueRequired":true,"valueName":"search_term_string"}}],"inLanguage":"es"}]}},"_links":{"self":[{"href":"https:\/\/crimsondawnart.com\/es\/wp-json\/wp\/v2\/pages\/10","targetHints":{"allow":["GET"]}}],"collection":[{"href":"https:\/\/crimsondawnart.com\/es\/wp-json\/wp\/v2\/pages"}],"about":[{"href":"https:\/\/crimsondawnart.com\/es\/wp-json\/wp\/v2\/types\/page"}],"author":[{"embeddable":true,"href":"https:\/\/crimsondawnart.com\/es\/wp-json\/wp\/v2\/users\/1"}],"replies":[{"embeddable":true,"href":"https:\/\/crimsondawnart.com\/es\/wp-json\/wp\/v2\/comments?post=10"}],"version-history":[{"count":30,"href":"https:\/\/crimsondawnart.com\/es\/wp-json\/wp\/v2\/pages\/10\/revisions"}],"predecessor-version":[{"id":1499,"href":"https:\/\/crimsondawnart.com\/es\/wp-json\/wp\/v2\/pages\/10\/revisions\/1499"}],"wp:attachment":[{"href":"https:\/\/crimsondawnart.com\/es\/wp-json\/wp\/v2\/media?parent=10"}],"curies":[{"name":"wp","href":"https:\/\/api.w.org\/{rel}","templated":true}]}}